{"id":5582,"date":"2019-10-30T01:51:10","date_gmt":"2019-10-30T05:51:10","guid":{"rendered":"http:\/\/danzadescalza.com\/home\/"},"modified":"2023-11-14T14:44:01","modified_gmt":"2023-11-14T18:44:01","slug":"home","status":"publish","type":"page","link":"http:\/\/danzadescalza.com\/en\/","title":{"rendered":"Home"},"content":{"rendered":"<p>[et_pb_section fb_built=&#8221;1&#8243; inner_shadow=&#8221;on&#8221; fullwidth=&#8221;on&#8221; admin_label=&#8221;Video&#8221; _builder_version=&#8221;4.16&#8243; background_color=&#8221;#e55149&#8243; background_enable_video_mp4=&#8221;off&#8221; module_alignment=&#8221;center&#8221; min_height_tablet=&#8221;&#8221; min_height_phone=&#8221;&#8221; min_height_last_edited=&#8221;on|desktop&#8221; bottom_divider_color=&#8221;#e55149&#8243; bottom_divider_flip=&#8221;horizontal&#8221; collapsed=&#8221;on&#8221; global_colors_info=&#8221;{}&#8221;][et_pb_fullwidth_header background_overlay_color=&#8221;rgba(0,0,0,0.1)&#8221; _builder_version=&#8221;4.17.3&#8243; background_color=&#8221;rgba(0,0,0,0)&#8221; background_image=&#8221;http:\/\/danzadescalza.com\/wp-content\/uploads\/2019\/08\/danza-descalza-trio-1.jpg&#8221; parallax=&#8221;on&#8221; background_video_mp4=&#8221;http:\/\/danzadescalza.com\/wp-content\/uploads\/2022\/05\/2021-10-25-Teaser-37s-light.mp4&#8243; background_video_width=&#8221;1280px&#8221; background_video_height=&#8221;720px&#8221; allow_player_pause=&#8221;on&#8221; button_one_text_size=&#8221;13&#8243; button_two_text_size=&#8221;13&#8243; min_height=&#8221;800px&#8221; min_height_tablet=&#8221;600px&#8221; min_height_phone=&#8221;450px&#8221; min_height_last_edited=&#8221;on|phone&#8221; filter_saturate=&#8221;80%&#8221; filter_brightness=&#8221;85%&#8221; filter_contrast=&#8221;102%&#8221; filter_sepia=&#8221;5%&#8221; filter_opacity=&#8221;90%&#8221; animation_style=&#8221;fade&#8221; animation_duration=&#8221;8000ms&#8221; global_colors_info=&#8221;{}&#8221;][\/et_pb_fullwidth_header][\/et_pb_section][et_pb_section fb_built=&#8221;1&#8243; fullwidth=&#8221;on&#8221; _builder_version=&#8221;4.16&#8243; global_colors_info=&#8221;{}&#8221;][et_pb_fullwidth_header title=&#8221;Danza Descalza&#8221; button_one_text=&#8221;Learn more&#8230;&#8221; button_one_url=&#8221;http:\/\/danzadescalza.com\/en\/collective\/&#8221; button_two_text=&#8221;Presskit&#8221; button_two_url=&#8221;https:\/\/drive.google.com\/file\/d\/1HFQt6RdiDAhVrMgelxPfMEsC-54S35Z8\/view?usp=share_link&#8221; content_max_width=&#8221;60%&#8221; content_max_width_tablet=&#8221;&#8221; content_max_width_phone=&#8221;90%&#8221; content_max_width_last_edited=&#8221;on|phone&#8221; _builder_version=&#8221;4.22.1&#8243; title_text_color=&#8221;#efe8e1&#8243; content_text_color=&#8221;#efe8e1&#8243; background_image=&#8221;http:\/\/danzadescalza.com\/wp-content\/uploads\/2019\/11\/square-left-red-5.png&#8221; background_blend=&#8221;multiply&#8221; button_one_text_size=&#8221;13&#8243; button_one_text_color=&#8221;#efe8e1&#8243; button_one_border_color=&#8221;#efe8e1&#8243; button_one_icon_color=&#8221;#efe3d5&#8243; button_two_text_size=&#8221;13&#8243; button_two_text_color=&#8221;#efe8e1&#8243; button_two_border_color=&#8221;#efe8e1&#8243; button_two_icon_color=&#8221;#efe3d5&#8243; custom_padding=&#8221;||61px|||&#8221; hover_enabled=&#8221;0&#8243; global_colors_info=&#8221;{}&#8221; sticky_enabled=&#8221;0&#8243;]<\/p>\n<p>Is a contemporary dance collective inspired by Afro-Colombian traditions. Danza Descalza offers unique performances and workshops, a bridge between innovation<br \/>and tradition.<\/p>\n<p>[\/et_pb_fullwidth_header][\/et_pb_section][et_pb_section fb_built=&#8221;1&#8243; fullwidth=&#8221;on&#8221; _builder_version=&#8221;4.17.3&#8243; background_color=&#8221;#efe8e1&#8243; use_background_color_gradient=&#8221;on&#8221; background_color_gradient_direction=&#8221;185deg&#8221; background_color_gradient_stops=&#8221;#efe3d5 0%|rgba(239, 232, 225, 1) 42%|#f9f4ef 42%&#8221; background_color_gradient_start=&#8221;#efe8e1&#8243; background_color_gradient_start_position=&#8221;70%&#8221; background_color_gradient_end=&#8221;#f9f4ef&#8221; background_color_gradient_end_position=&#8221;70%&#8221; background_enable_image=&#8221;off&#8221; parallax=&#8221;on&#8221; parallax_method=&#8221;off&#8221; global_colors_info=&#8221;{}&#8221;][et_pb_fullwidth_header title=&#8221;Show IMPULSO&#8221; text_orientation=&#8221;right&#8221; button_one_text=&#8221;*** Devis technique ***&#8221; button_one_url=&#8221;https:\/\/drive.google.com\/file\/d\/1DkA3HySMOfpoYMVVQPE92WQJ0lifWElU\/view?usp=sharing&#8221; button_two_text=&#8221;Booking&#8221; button_two_url=&#8221;http:\/\/danzadescalza.com\/en\/contact&#8221; header_image_url=&#8221;http:\/\/danzadescalza.com\/wp-content\/uploads\/2022\/05\/impulso-1-1024&#215;576.jpg&#8221; button_one_text_tablet=&#8221;Devis technique&#8221; button_one_text_phone=&#8221;Devis technique&#8221; button_one_text_last_edited=&#8221;on|desktop&#8221; _builder_version=&#8221;4.17.4&#8243; background_color=&#8221;rgba(0,0,0,0)&#8221; button_one_text_size=&#8221;13&#8243; button_two_text_size=&#8221;13&#8243; custom_padding=&#8221;60px||0px|0px|false|false&#8221; global_colors_info=&#8221;{}&#8221;]<\/p>\n<p>To come<\/p>\n<p>[\/et_pb_fullwidth_header][et_pb_fullwidth_header title=&#8221;Show AKO&#8221; button_one_text=&#8221;Upcoming shows&#8221; button_one_url=&#8221;http:\/\/danzadescalza.com\/en\/dates&#8221; button_two_text=&#8221;Booking&#8221; button_two_url=&#8221;http:\/\/danzadescalza.com\/en\/contact&#8221; header_image_url=&#8221;http:\/\/danzadescalza.com\/wp-content\/uploads\/2019\/08\/Copy-of-lo-5156-1-1024&#215;683.jpg&#8221; _builder_version=&#8221;4.17.4&#8243; background_color=&#8221;rgba(0,0,0,0)&#8221; button_one_text_size=&#8221;13&#8243; button_two_text_size=&#8221;13&#8243; custom_padding=&#8221;60px||60px||true|&#8221; global_colors_info=&#8221;{}&#8221;]<\/p>\n<p>This Afro-Colombian flavoured contemporary dance performance welcomes you into a dreamlike and colourful world in which three intriguing and enchanting characters are transformed in the public space.<\/p>\n<p>[\/et_pb_fullwidth_header][\/et_pb_section][et_pb_section fb_built=&#8221;1&#8243; _builder_version=&#8221;4.17.3&#8243; background_color=&#8221;#f9f4ef&#8221; custom_padding=&#8221;0px||30px|||&#8221; global_colors_info=&#8221;{}&#8221;][et_pb_row column_structure=&#8221;1_3,1_3,1_3&#8243; _builder_version=&#8221;4.17.3&#8243; global_colors_info=&#8221;{}&#8221;][et_pb_column type=&#8221;1_3&#8243; _builder_version=&#8221;4.16&#8243; global_colors_info=&#8221;{}&#8221;][et_pb_testimonial author=&#8221;CBC NEWS&#8221; job_title=&#8221;Article int\u00e9rgral \u2192 &#8221; quote_icon=&#8221;off&#8221; quote_icon_color=&#8221;rgba(0,0,0,0.8)&#8221; quote_icon_background_color=&#8221;rgba(0,0,0,0)&#8221; portrait_width=&#8221;1px&#8221; portrait_height=&#8221;1px&#8221; _builder_version=&#8221;4.16&#8243; body_font=&#8221;||||||||&#8221; body_text_color=&#8221;#e55149&#8243; author_font=&#8221;|800|||||||&#8221; author_text_color=&#8221;#e55149&#8243; position_font=&#8221;||||||||&#8221; position_text_color=&#8221;#e55149&#8243; company_text_color=&#8221;rgba(0,0,0,0.8)&#8221; background_color=&#8221;rgba(0,0,0,0)&#8221; background_layout=&#8221;dark&#8221; width=&#8221;100%&#8221; width_tablet=&#8221;80%&#8221; width_phone=&#8221;&#8221; width_last_edited=&#8221;on|phone&#8221; max_width=&#8221;100%&#8221; module_alignment=&#8221;left&#8221; custom_margin=&#8221;||15px||false|false&#8221; custom_margin_tablet=&#8221;0px||0px||true|false&#8221; custom_margin_phone=&#8221;||||true&#8221; custom_margin_last_edited=&#8221;on|desktop&#8221; custom_padding=&#8221;0px||0px||true|false&#8221; custom_padding_tablet=&#8221;30px|3px||3px|false|true&#8221; custom_padding_phone=&#8221;|3px||3px|false|true&#8221; custom_padding_last_edited=&#8221;on|phone&#8221; link_option_url=&#8221;https:\/\/www.cbc.ca\/news\/canada\/montreal\/danza-descalza-collective-montreal-columbia-dance-1.5207819&#8243; border_color_all=&#8221;rgba(0,0,0,0.8)&#8221; border_color_top=&#8221;#ec5943&#8243; border_width_left=&#8221;1px&#8221; border_color_left=&#8221;#ec5943&#8243; border_width_top_tablet=&#8221;1px&#8221; border_width_top_phone=&#8221;&#8221; border_width_top_last_edited=&#8221;on|desktop&#8221; border_width_left_tablet=&#8221;0px&#8221; border_width_left_phone=&#8221;&#8221; border_width_left_last_edited=&#8221;on|tablet&#8221; border_radii_portrait=&#8221;on|0px|0px|0px|0px&#8221; border_color_all_portrait=&#8221;rgba(0,0,0,0)&#8221; border_style_all_portrait=&#8221;none&#8221; global_colors_info=&#8221;{}&#8221; border_color_all__hover_enabled=&#8221;on&#8221; border_color_all__hover=&#8221;rgba(0,0,0,0.25)&#8221; body_text_color__hover_enabled=&#8221;on&#8221; body_text_color__hover=&#8221;rgba(0,0,0,0.25)&#8221; author_text_color__hover_enabled=&#8221;on&#8221; author_text_color__hover=&#8221;rgba(0,0,0,0.25)&#8221; position_text_color__hover_enabled=&#8221;on&#8221; position_text_color__hover=&#8221;rgba(0,0,0,0.26)&#8221;]<\/p>\n<p><span>&#8220;Masked women in bright flowing skirts performing\u00a0a sinuous routine inspired by Colombian dance \u2014 a\u00a0vibrant visual feast&#8230;&#8221;<\/span><\/p>\n<p>[\/et_pb_testimonial][\/et_pb_column][et_pb_column type=&#8221;1_3&#8243; _builder_version=&#8221;4.17.3&#8243; global_colors_info=&#8221;{}&#8221;][et_pb_testimonial author=&#8221;Journal Metro&#8221; job_title=&#8221;Article int\u00e9rgral \u2192 &#8221; url=&#8221;https:\/\/journalmetro.com\/local\/riviere-des-prairies\/2344757\/un-spectacle-de-toutes-les-couleurs\/&#8221; quote_icon=&#8221;off&#8221; quote_icon_color=&#8221;rgba(0,0,0,0.8)&#8221; quote_icon_background_color=&#8221;rgba(0,0,0,0)&#8221; portrait_width=&#8221;1px&#8221; portrait_height=&#8221;1px&#8221; module_class=&#8221;text&#8211;primary&#8221; _builder_version=&#8221;4.17.3&#8243; body_font=&#8221;||||||||&#8221; body_text_color=&#8221;#e55149&#8243; author_font=&#8221;|800|||||||&#8221; author_text_color=&#8221;#E55149&#8243; position_font=&#8221;||||||||&#8221; position_text_color=&#8221;#e55149&#8243; company_text_color=&#8221;rgba(0,0,0,0.8)&#8221; background_color=&#8221;RGBA(255,255,255,0)&#8221; background_layout=&#8221;dark&#8221; width=&#8221;100%&#8221; width_tablet=&#8221;80%&#8221; width_phone=&#8221;&#8221; width_last_edited=&#8221;on|desktop&#8221; max_width=&#8221;100%&#8221; module_alignment=&#8221;left&#8221; custom_margin=&#8221;||15px||false|false&#8221; custom_margin_tablet=&#8221;0px||0px||true|false&#8221; custom_margin_phone=&#8221;||||true&#8221; custom_margin_last_edited=&#8221;on|desktop&#8221; custom_padding=&#8221;0px||0px||true|false&#8221; custom_padding_tablet=&#8221;30px|3px||3px|false|true&#8221; custom_padding_phone=&#8221;|3px||3px|false|true&#8221; custom_padding_last_edited=&#8221;on|phone&#8221; link_option_url=&#8221;https:\/\/www.cbc.ca\/news\/canada\/montreal\/danza-descalza-collective-montreal-columbia-dance-1.5207819&#8243; author_text_color_tablet=&#8221;#E55149&#8243; author_text_color_phone=&#8221;#E55149&#8243; author_text_color_last_edited=&#8221;on|desktop&#8221; custom_css_testimonial_author=&#8221;color:#e55149 !important;&#8221; border_color_all=&#8221;rgba(0,0,0,0.8)&#8221; border_color_top=&#8221;#ec5943&#8243; border_width_left=&#8221;1px&#8221; border_color_left=&#8221;#ec5943&#8243; border_width_top_tablet=&#8221;1px&#8221; border_width_top_phone=&#8221;&#8221; border_width_top_last_edited=&#8221;on|desktop&#8221; border_width_left_tablet=&#8221;0px&#8221; border_width_left_phone=&#8221;&#8221; border_width_left_last_edited=&#8221;on|tablet&#8221; border_radii_portrait=&#8221;on|0px|0px|0px|0px&#8221; border_color_all_portrait=&#8221;rgba(0,0,0,0)&#8221; border_style_all_portrait=&#8221;none&#8221; global_colors_info=&#8221;{}&#8221; border_color_all__hover_enabled=&#8221;on&#8221; border_color_all__hover=&#8221;rgba(0,0,0,0.25)&#8221; body_text_color__hover_enabled=&#8221;on&#8221; body_text_color__hover=&#8221;rgba(0,0,0,0.25)&#8221; author_text_color__hover_enabled=&#8221;on&#8221; author_text_color__hover=&#8221;rgba(0,0,0,0.25)&#8221; position_text_color__hover_enabled=&#8221;on&#8221; position_text_color__hover=&#8221;rgba(0,0,0,0.26)&#8221;]<\/p>\n<p><span>&#8220;C\u2019est une pi\u00e8ce qui est assez accessible, mais on am\u00e8ne aussi un c\u00f4t\u00e9 po\u00e9tique et fantastique dans les espaces publics&#8230;&#8221;<\/span><\/p>\n<p>[\/et_pb_testimonial][\/et_pb_column][et_pb_column type=&#8221;1_3&#8243; _builder_version=&#8221;4.16&#8243; global_colors_info=&#8221;{}&#8221;][et_pb_testimonial author=&#8221;Daybreak Montreal&#8221; job_title=&#8221;Article int\u00e9rgral \u2192 &#8221; url=&#8221;https:\/\/www.cbc.ca\/listen\/live-radio\/1-15-daybreak-montreal\/clip\/15725971-danza-descalza-brings-a-touch-of-colombia-to-montreal-parks&#8221; quote_icon=&#8221;off&#8221; quote_icon_color=&#8221;rgba(0,0,0,0.8)&#8221; quote_icon_background_color=&#8221;rgba(0,0,0,0)&#8221; portrait_width=&#8221;1px&#8221; portrait_height=&#8221;1px&#8221; module_class=&#8221;text&#8211;primary&#8221; _builder_version=&#8221;4.17.3&#8243; body_font=&#8221;||||||||&#8221; body_text_color=&#8221;#e55149&#8243; author_font=&#8221;|800|||||||&#8221; author_text_color=&#8221;#e55149&#8243; position_font=&#8221;||||||||&#8221; position_text_color=&#8221;#e55149&#8243; company_text_color=&#8221;rgba(0,0,0,0.8)&#8221; background_color=&#8221;rgba(0,0,0,0)&#8221; background_layout=&#8221;dark&#8221; width=&#8221;100%&#8221; width_tablet=&#8221;80%&#8221; width_phone=&#8221;&#8221; width_last_edited=&#8221;on|desktop&#8221; max_width=&#8221;100%&#8221; module_alignment=&#8221;left&#8221; custom_margin=&#8221;||15px||false|false&#8221; custom_margin_tablet=&#8221;0px||0px||true|false&#8221; custom_margin_phone=&#8221;||||true&#8221; custom_margin_last_edited=&#8221;on|desktop&#8221; custom_padding=&#8221;0px||0px||true|false&#8221; custom_padding_tablet=&#8221;30px|3px||3px|false|true&#8221; custom_padding_phone=&#8221;|3px||3px|false|true&#8221; custom_padding_last_edited=&#8221;on|phone&#8221; link_option_url=&#8221;https:\/\/www.cbc.ca\/news\/canada\/montreal\/danza-descalza-collective-montreal-columbia-dance-1.5207819&#8243; border_color_all=&#8221;rgba(0,0,0,0.8)&#8221; border_color_top=&#8221;#ec5943&#8243; border_width_left=&#8221;1px&#8221; border_color_left=&#8221;#ec5943&#8243; border_width_top_tablet=&#8221;1px&#8221; border_width_top_phone=&#8221;&#8221; border_width_top_last_edited=&#8221;on|desktop&#8221; border_width_left_tablet=&#8221;0px&#8221; border_width_left_phone=&#8221;&#8221; border_width_left_last_edited=&#8221;on|tablet&#8221; border_radii_portrait=&#8221;on|0px|0px|0px|0px&#8221; border_color_all_portrait=&#8221;rgba(0,0,0,0)&#8221; border_style_all_portrait=&#8221;none&#8221; global_colors_info=&#8221;{}&#8221; border_color_all__hover_enabled=&#8221;on&#8221; border_color_all__hover=&#8221;rgba(0,0,0,0.25)&#8221; body_text_color__hover_enabled=&#8221;on&#8221; body_text_color__hover=&#8221;rgba(0,0,0,0.25)&#8221; author_text_color__hover_enabled=&#8221;on&#8221; author_text_color__hover=&#8221;rgba(0,0,0,0.25)&#8221; position_text_color__hover_enabled=&#8221;on&#8221; position_text_color__hover=&#8221;rgba(0,0,0,0.26)&#8221; custom_css_testimonial_author_last_edited=&#8221;on|desktop&#8221;]<\/p>\n<p><span>&#8220;In parks around Montreal you may see masked women with big skirts dancing around. If you see these dancers in action&#8230;&#8221;<\/span><\/p>\n<p>[\/et_pb_testimonial][\/et_pb_column][\/et_pb_row][\/et_pb_section][et_pb_section fb_built=&#8221;1&#8243; fullwidth=&#8221;on&#8221; _builder_version=&#8221;4.16&#8243; global_colors_info=&#8221;{}&#8221;][et_pb_fullwidth_header title=&#8221;Weekly Dance Workshops&#8221; button_one_text=&#8221;Registration&#8221; button_one_url=&#8221;https:\/\/airtable.com\/shrwJTC9mQGYyxDR2&#8243; button_two_text=&#8221;Learn more&#8230;&#8221; button_two_url=&#8221;http:\/\/danzadescalza.com\/en\/workshops&#8221; content_max_width=&#8221;60%&#8221; content_max_width_tablet=&#8221;&#8221; content_max_width_phone=&#8221;90%&#8221; content_max_width_last_edited=&#8221;on|phone&#8221; _builder_version=&#8221;4.17.3&#8243; title_text_color=&#8221;#efe8e1&#8243; title_line_height=&#8221;1.1em&#8221; content_text_color=&#8221;#efe8e1&#8243; background_image=&#8221;http:\/\/danzadescalza.com\/wp-content\/uploads\/2019\/11\/square-left-red-5.png&#8221; background_blend=&#8221;multiply&#8221; button_one_text_size=&#8221;13&#8243; button_one_text_color=&#8221;#efe8e1&#8243; button_one_border_color=&#8221;#efe8e1&#8243; button_one_icon_color=&#8221;#efe3d5&#8243; button_two_text_size=&#8221;13&#8243; button_two_text_color=&#8221;#efe8e1&#8243; button_two_border_color=&#8221;#efe8e1&#8243; button_two_icon_color=&#8221;#efe3d5&#8243; custom_padding=&#8221;||61px|||&#8221; global_colors_info=&#8221;{}&#8221;]Come and discover these legendary workshops, with live musicians who will take you on a journey between contemporary and Afro-Colombian dance.[\/et_pb_fullwidth_header][\/et_pb_section][et_pb_section fb_built=&#8221;1&#8243; fullwidth=&#8221;on&#8221; _builder_version=&#8221;4.16&#8243; background_color=&#8221;#efe8e1&#8243; use_background_color_gradient=&#8221;on&#8221; background_color_gradient_direction=&#8221;265deg&#8221; background_color_gradient_stops=&#8221;#f9f4ef 70%|#efe8e1 70%&#8221; background_color_gradient_start=&#8221;#f9f4ef&#8221; background_color_gradient_start_position=&#8221;70%&#8221; background_color_gradient_end=&#8221;#efe8e1&#8243; background_color_gradient_end_position=&#8221;70%&#8221; background_enable_image=&#8221;off&#8221; parallax=&#8221;on&#8221; parallax_method=&#8221;off&#8221; global_colors_info=&#8221;{}&#8221;][et_pb_fullwidth_header title=&#8221;&#8230;every Tuesday since 2014&#8243; text_orientation=&#8221;right&#8221; button_one_text=&#8221;Facebook&#8221; button_one_url=&#8221;https:\/\/fb.me\/e\/bpUfvKQCn&#8221; header_image_url=&#8221;http:\/\/danzadescalza.com\/wp-content\/uploads\/2019\/11\/danza-descalza-ateliers-accueil-1024&#215;682.jpg&#8221; _builder_version=&#8221;4.17.4&#8243; title_font_size=&#8221;24px&#8221; title_line_height=&#8221;1.2em&#8221; background_color=&#8221;rgba(0,0,0,0)&#8221; button_one_text_size=&#8221;13&#8243; button_two_text_size=&#8221;13&#8243; custom_padding=&#8221;60px||60px|||&#8221; global_colors_info=&#8221;{}&#8221;]<\/p>\n<p>The Danza Descalza collective\u2019s weekly workshop has been an established part of the Montreal scene for many years, welcoming numerous participants of all ages and backgrounds each week.<\/p>\n<p>[\/et_pb_fullwidth_header][\/et_pb_section][et_pb_section fb_built=&#8221;1&#8243; fullwidth=&#8221;on&#8221; _builder_version=&#8221;4.16&#8243; global_colors_info=&#8221;{}&#8221;][et_pb_fullwidth_header title=&#8221;Personalized Workshops&#8221; button_one_text=&#8221;Learn more&#8230;&#8221; button_one_url=&#8221;https-:\/\/danzadescalza.com\/en\/workshops&#8221; content_max_width=&#8221;60%&#8221; content_max_width_tablet=&#8221;&#8221; content_max_width_phone=&#8221;90%&#8221; content_max_width_last_edited=&#8221;on|phone&#8221; _builder_version=&#8221;4.17.3&#8243; title_text_color=&#8221;#efe8e1&#8243; title_line_height=&#8221;1.2em&#8221; content_text_color=&#8221;#efe8e1&#8243; background_image=&#8221;http:\/\/danzadescalza.com\/wp-content\/uploads\/2019\/11\/square-left-red-5.png&#8221; background_blend=&#8221;multiply&#8221; button_one_text_size=&#8221;13&#8243; button_one_text_color=&#8221;#efe8e1&#8243; button_one_border_color=&#8221;#efe8e1&#8243; button_one_icon_color=&#8221;#efe3d5&#8243; button_two_text_size=&#8221;13&#8243; button_two_text_color=&#8221;#efe8e1&#8243; button_two_border_color=&#8221;#efe8e1&#8243; button_two_icon_color=&#8221;#efe3d5&#8243; custom_padding=&#8221;||61px|||&#8221; global_colors_info=&#8221;{}&#8221;]Danza Descalza workshops can be customized, with the content adapted according to your particular needs.[\/et_pb_fullwidth_header][\/et_pb_section][et_pb_section fb_built=&#8221;1&#8243; fullwidth=&#8221;on&#8221; _builder_version=&#8221;4.16&#8243; background_color=&#8221;#efe8e1&#8243; use_background_color_gradient=&#8221;on&#8221; background_color_gradient_direction=&#8221;265deg&#8221; background_color_gradient_stops=&#8221;#f9f4ef 70%|#efe8e1 70%&#8221; background_color_gradient_start=&#8221;#f9f4ef&#8221; background_color_gradient_start_position=&#8221;70%&#8221; background_color_gradient_end=&#8221;#efe8e1&#8243; background_color_gradient_end_position=&#8221;70%&#8221; background_enable_image=&#8221;off&#8221; parallax=&#8221;on&#8221; parallax_method=&#8221;off&#8221; global_colors_info=&#8221;{}&#8221;][et_pb_fullwidth_header title=&#8221;&#8230; custom created&#8221; text_orientation=&#8221;right&#8221; button_one_text=&#8221;Estimate&#8221; button_one_url=&#8221;http:\/\/danzadescalza.com\/en\/contact&#8221; header_image_url=&#8221;http:\/\/danzadescalza.com\/wp-content\/uploads\/2019\/08\/danza-descalza-tradition-1024&#215;683.jpg&#8221; _builder_version=&#8221;4.17.4&#8243; title_font_size=&#8221;24px&#8221; title_line_height=&#8221;1em&#8221; background_color=&#8221;rgba(0,0,0,0)&#8221; button_one_text_size=&#8221;13&#8243; button_two_text_size=&#8221;13&#8243; custom_padding=&#8221;60px||60px|||&#8221; global_colors_info=&#8221;{}&#8221;]<\/p>\n<p>The Danza Descalza collective\u2019s weekly workshop has been an established part of the Montreal scene for many years, welcoming numerous participants of all ages and backgrounds each week.<\/p>\n<p>[\/et_pb_fullwidth_header][\/et_pb_section][et_pb_section fb_built=&#8221;1&#8243; admin_label=&#8221;Testimonials&#8221; _builder_version=&#8221;4.16&#8243; background_color=&#8221;#e55149&#8243; background_enable_image=&#8221;off&#8221; custom_padding=&#8221;43px||0px|||&#8221; top_divider_color=&#8221;#ec5943&#8243; top_divider_height=&#8221;87px&#8221; top_divider_repeat=&#8221;0.6x&#8221; bottom_divider_color=&#8221;#ec5943&#8243; bottom_divider_repeat=&#8221;0.2x&#8221; collapsed=&#8221;on&#8221; global_colors_info=&#8221;{}&#8221;][et_pb_row _builder_version=&#8221;4.16&#8243; custom_padding=&#8221;30px||30px|||&#8221; global_colors_info=&#8221;{}&#8221;][et_pb_column type=&#8221;4_4&#8243; _builder_version=&#8221;4.16&#8243; global_colors_info=&#8221;{}&#8221;][et_pb_text _builder_version=&#8221;4.16&#8243; text_font=&#8221;||||||||&#8221; text_text_color=&#8221;#f9f4ef&#8221; text_font_size=&#8221;15px&#8221; text_letter_spacing=&#8221;0.03em&#8221; text_line_height=&#8221;0.5em&#8221; header_2_font=&#8221;||||||||&#8221; header_2_text_color=&#8221;#edd7c9&#8243; min_height=&#8221;43px&#8221; custom_margin=&#8221;||15px|||&#8221; global_colors_info=&#8221;{}&#8221;]<\/p>\n<p>booking@danzadescalza.com<\/p>\n<p>info@danzadescalza.com<\/p>\n<p>[\/et_pb_text][et_pb_divider color=&#8221;#f9f4ef&#8221; _builder_version=&#8221;4.16&#8243; custom_margin=&#8221;||0px||false|false&#8221; global_colors_info=&#8221;{}&#8221;][\/et_pb_divider][et_pb_social_media_follow icon_color=&#8221;#f9f9f9&#8243; _builder_version=&#8221;4.17.4&#8243; text_orientation=&#8221;left&#8221; filter_opacity=&#8221;90%&#8221; global_module=&#8221;6308&#8243; saved_tabs=&#8221;all&#8221; locked=&#8221;off&#8221; global_colors_info=&#8221;{}&#8221;][et_pb_social_media_follow_network social_network=&#8221;facebook&#8221; url=&#8221;https:\/\/www.facebook.com\/DanzaDescalza325&#8243; icon_color=&#8221;#f9f4ef&#8221; use_icon_font_size=&#8221;on&#8221; icon_font_size=&#8221;13px&#8221; _builder_version=&#8221;4.17.3&#8243; background_color=&#8221;rgba(0,0,0,0)&#8221; background_enable_color=&#8221;on&#8221; border_radii=&#8221;on|20px|20px|20px|20px&#8221; border_width_all=&#8221;2px&#8221; border_color_all=&#8221;#f9f4ef&#8221; global_colors_info=&#8221;{}&#8221; follow_button=&#8221;off&#8221; url_new_window=&#8221;on&#8221;]facebook[\/et_pb_social_media_follow_network][et_pb_social_media_follow_network social_network=&#8221;instagram&#8221; url=&#8221;https:\/\/www.instagram.com\/danzadescalza\/&#8221; icon_color=&#8221;#f9f4ef&#8221; use_icon_font_size=&#8221;on&#8221; icon_font_size=&#8221;13px&#8221; _builder_version=&#8221;4.17.3&#8243; background_color=&#8221;rgba(0,0,0,0)&#8221; background_enable_color=&#8221;on&#8221; border_radii=&#8221;on|20px|20px|20px|20px&#8221; border_width_all=&#8221;2px&#8221; border_color_all=&#8221;#f9f4ef&#8221; global_colors_info=&#8221;{}&#8221; follow_button=&#8221;off&#8221; url_new_window=&#8221;on&#8221;]instagram[\/et_pb_social_media_follow_network][et_pb_social_media_follow_network social_network=&#8221;youtube&#8221; url=&#8221;https:\/\/www.youtube.com\/channel\/UCS2QbFrC4XGSm7RH1hZYxHg\/about&#8221; icon_color=&#8221;#f9f4ef&#8221; use_icon_font_size=&#8221;on&#8221; icon_font_size=&#8221;13px&#8221; _builder_version=&#8221;4.17.4&#8243; background_color=&#8221;#E55149&#8243; background_enable_color=&#8221;on&#8221; border_radii=&#8221;on|20px|20px|20px|20px&#8221; border_width_all=&#8221;2px&#8221; border_color_all=&#8221;#f9f4ef&#8221; global_colors_info=&#8221;{}&#8221; follow_button=&#8221;off&#8221; url_new_window=&#8221;on&#8221;]youtube[\/et_pb_social_media_follow_network][\/et_pb_social_media_follow][\/et_pb_column][\/et_pb_row][\/et_pb_section]<\/p>\n","protected":false},"excerpt":{"rendered":"<p>Danza Descalza est un collectif de danse contemporaine qui s\u2019inspire des traditions afro colombiennes. Danza Descalza propose des spectacles et des ateliers uniques, un pont entre l\u2019innovation et la tradition.<\/p>\n","protected":false},"author":1,"featured_media":2095,"parent":0,"menu_order":0,"comment_status":"closed","ping_status":"closed","template":"","meta":{"_et_pb_use_builder":"on","_et_pb_old_content":"","_et_gb_content_width":"","inline_featured_image":false,"footnotes":""},"class_list":["post-5582","page","type-page","status-publish","has-post-thumbnail","hentry"],"_links":{"self":[{"href":"http:\/\/danzadescalza.com\/en\/wp-json\/wp\/v2\/pages\/5582","targetHints":{"allow":["GET"]}}],"collection":[{"href":"http:\/\/danzadescalza.com\/en\/wp-json\/wp\/v2\/pages"}],"about":[{"href":"http:\/\/danzadescalza.com\/en\/wp-json\/wp\/v2\/types\/page"}],"author":[{"embeddable":true,"href":"http:\/\/danzadescalza.com\/en\/wp-json\/wp\/v2\/users\/1"}],"replies":[{"embeddable":true,"href":"http:\/\/danzadescalza.com\/en\/wp-json\/wp\/v2\/comments?post=5582"}],"version-history":[{"count":20,"href":"http:\/\/danzadescalza.com\/en\/wp-json\/wp\/v2\/pages\/5582\/revisions"}],"predecessor-version":[{"id":6565,"href":"http:\/\/danzadescalza.com\/en\/wp-json\/wp\/v2\/pages\/5582\/revisions\/6565"}],"wp:featuredmedia":[{"embeddable":true,"href":"http:\/\/danzadescalza.com\/en\/wp-json\/wp\/v2\/media\/2095"}],"wp:attachment":[{"href":"http:\/\/danzadescalza.com\/en\/wp-json\/wp\/v2\/media?parent=5582"}],"curies":[{"name":"wp","href":"https:\/\/api.w.org\/{rel}","templated":true}]}}