{"id":5594,"date":"2020-05-01T13:41:55","date_gmt":"2020-05-01T17:41:55","guid":{"rendered":"http:\/\/danzadescalza.com\/collective\/"},"modified":"2023-11-14T20:09:39","modified_gmt":"2023-11-15T00:09:39","slug":"collective","status":"publish","type":"page","link":"http:\/\/danzadescalza.com\/en\/collective\/","title":{"rendered":"Collectif"},"content":{"rendered":"<p>[et_pb_section fb_built=&#8221;1&#8243; inner_shadow=&#8221;on&#8221; fullwidth=&#8221;on&#8221; admin_label=&#8221;Video&#8221; _builder_version=&#8221;4.16&#8243; background_color=&#8221;#e55149&#8243; background_enable_video_mp4=&#8221;off&#8221; module_alignment=&#8221;center&#8221; min_height_tablet=&#8221;&#8221; min_height_phone=&#8221;&#8221; min_height_last_edited=&#8221;on|desktop&#8221; bottom_divider_color=&#8221;#e55149&#8243; bottom_divider_flip=&#8221;horizontal&#8221; collapsed=&#8221;on&#8221; global_colors_info=&#8221;{}&#8221;][et_pb_fullwidth_header background_overlay_color=&#8221;rgba(0,0,0,0)&#8221; _builder_version=&#8221;4.16&#8243; background_color=&#8221;rgba(0,0,0,0)&#8221; background_image=&#8221;http:\/\/danzadescalza.com\/wp-content\/uploads\/2019\/08\/danza-descalza-ako.jpg&#8221; parallax=&#8221;on&#8221; parallax_method=&#8221;on&#8221; background_enable_video_mp4=&#8221;off&#8221; background_video_width=&#8221;1920px&#8221; background_video_height=&#8221;1080px&#8221; allow_player_pause=&#8221;on&#8221; button_one_text_size=&#8221;13&#8243; button_two_text_size=&#8221;13&#8243; min_height=&#8221;800px&#8221; min_height_tablet=&#8221;600px&#8221; min_height_phone=&#8221;450px&#8221; min_height_last_edited=&#8221;on|phone&#8221; filter_saturate=&#8221;70%&#8221; filter_brightness=&#8221;84%&#8221; filter_contrast=&#8221;106%&#8221; filter_sepia=&#8221;1%&#8221; filter_opacity=&#8221;85%&#8221; global_colors_info=&#8221;{}&#8221;][\/et_pb_fullwidth_header][\/et_pb_section][et_pb_section fb_built=&#8221;1&#8243; fullwidth=&#8221;on&#8221; _builder_version=&#8221;4.16&#8243; locked=&#8221;off&#8221; global_colors_info=&#8221;{}&#8221;][et_pb_fullwidth_header title=&#8221;Dance Collective&#8221; button_one_text=&#8221;Presskit&#8221; button_one_url=&#8221;https:\/\/drive.google.com\/file\/d\/1ECIi-mCBP9n4-u6-ahzHhbbvxU2l4NY_\/view?usp=share_link&#8221; content_max_width=&#8221;60%&#8221; content_max_width_tablet=&#8221;&#8221; content_max_width_phone=&#8221;90%&#8221; content_max_width_last_edited=&#8221;on|phone&#8221; _builder_version=&#8221;4.22.1&#8243; title_text_color=&#8221;#efe8e1&#8243; title_line_height=&#8221;1.1em&#8221; content_text_color=&#8221;#efe8e1&#8243; background_image=&#8221;http:\/\/danzadescalza.com\/wp-content\/uploads\/2019\/11\/square-left-red-5.png&#8221; background_blend=&#8221;multiply&#8221; button_one_text_size=&#8221;13&#8243; button_one_text_color=&#8221;#efe8e1&#8243; button_one_border_color=&#8221;#efe8e1&#8243; button_one_icon_color=&#8221;#efe3d5&#8243; button_two_text_size=&#8221;13&#8243; button_two_text_color=&#8221;#efe8e1&#8243; button_two_border_color=&#8221;#efe8e1&#8243; button_two_icon_color=&#8221;#efe3d5&#8243; custom_padding=&#8221;||60px|||&#8221; hover_enabled=&#8221;0&#8243; global_colors_info=&#8221;{}&#8221; sticky_enabled=&#8221;0&#8243;]<\/p>\n<p><span style=\"font-weight: 400;\">Danza Descalza\u2019s primary objective is to work towards the democratization of dance by introducing it to different types of audiences and offering shows accessible to all. Based in Montreal, the collective is active both locally and internationally.   <\/span><\/p>\n<p><span style=\"font-weight: 400;\">Created in 2014, the Danza Descalza collective offers unique performances and workshops, a bridge between innovation and tradition. The organization offers weekly workshops for adults in Montreal, creative projects in schools and personalized workshops. In 2017 the collective created the show  <\/span><i><span style=\"font-weight: 400;\">AKO<\/span><\/i><span style=\"font-weight: 400;\">, a work specially designed for public spaces. After a resounding success, with over 50 performances across Canada, Danza Descalza presents another performance in situ: IMPULSO.  <\/span><\/p>\n<p><span style=\"font-weight: 400;\">With its many partners and collaborators, Danza Descalza has two artistic directors who work as choreographers, performers and teachers: Andrea Nino and Laurence Sabourin Laflamme. <\/span><\/p>\n<p>[\/et_pb_fullwidth_header][\/et_pb_section][et_pb_section fb_built=&#8221;1&#8243; fullwidth=&#8221;on&#8221; _builder_version=&#8221;4.16&#8243; background_color=&#8221;#efe8e1&#8243; use_background_color_gradient=&#8221;on&#8221; background_color_gradient_direction=&#8221;185deg&#8221; background_color_gradient_stops=&#8221;#f9f4ef 70%|#efe8e1 70%&#8221; background_color_gradient_start=&#8221;#f9f4ef&#8221; background_color_gradient_start_position=&#8221;70%&#8221; background_color_gradient_end=&#8221;#efe8e1&#8243; background_color_gradient_end_position=&#8221;70%&#8221; background_enable_image=&#8221;off&#8221; parallax=&#8221;on&#8221; parallax_method=&#8221;off&#8221; custom_padding=&#8221;60px||30px||false|&#8221; global_colors_info=&#8221;{}&#8221;][et_pb_fullwidth_header title=&#8221;Laurence Sabourin&#8221; text_orientation=&#8221;right&#8221; header_image_url=&#8221;http:\/\/danzadescalza.com\/wp-content\/uploads\/2019\/10\/laurence-sabourin.jpg&#8221; content_max_width=&#8221;85%&#8221; _builder_version=&#8221;4.16&#8243; title_font_size=&#8221;32px&#8221; title_line_height=&#8221;1em&#8221; background_color=&#8221;rgba(0,0,0,0)&#8221; button_one_text_size=&#8221;13px&#8221; button_two_text_size=&#8221;13px&#8221; button_two_icon=&#8221;&#x24;||divi||400&#8243; custom_padding=&#8221;30px||30px|||&#8221; global_colors_info=&#8221;{}&#8221;]<\/p>\n<p><strong>Choreographer, performer and teacher<\/strong><\/p>\n<p><span style=\"font-weight: 400;\">Laurence Sabourin-Laflamme is an interdisciplinary artist who works as a choreographer, dancer-performer and musician. Trained in contemporary dance with a background in classical ballet, she later developed an interest in Afro-Colombian dance.  She made several trips to Colombia, where she produced her piece Mange Racine (choreographer\/performer) and toured with the Gypsy Kumbia Orchestra, a group she had been part of for 5 years. She also works with Mandoline Hybride and Les Mains Tendres, with whom she tours Canada and abroad.<\/span><\/p>\n<p class=\"p1\">\n<p>[\/et_pb_fullwidth_header][\/et_pb_section][et_pb_section fb_built=&#8221;1&#8243; fullwidth=&#8221;on&#8221; _builder_version=&#8221;4.16&#8243; background_color=&#8221;#efe8e1&#8243; background_color_gradient_direction=&#8221;185deg&#8221; background_enable_image=&#8221;off&#8221; parallax=&#8221;on&#8221; parallax_method=&#8221;off&#8221; custom_padding=&#8221;60px||60px||false|&#8221; global_colors_info=&#8221;{}&#8221;][et_pb_fullwidth_header title=&#8221;Andrea Ni\u00f1o&#8221; text_orientation=&#8221;right&#8221; header_image_url=&#8221;http:\/\/danzadescalza.com\/wp-content\/uploads\/2019\/10\/andrea-nino.jpg&#8221; content_max_width=&#8221;85%&#8221; _builder_version=&#8221;4.16&#8243; title_font_size=&#8221;32px&#8221; title_line_height=&#8221;1em&#8221; background_color=&#8221;rgba(0,0,0,0)&#8221; button_one_text_size=&#8221;13px&#8221; button_two_text_size=&#8221;13px&#8221; button_two_icon=&#8221;&#x24;||divi||400&#8243; custom_padding=&#8221;30px||30px|||&#8221; global_colors_info=&#8221;{}&#8221;]<\/p>\n<p class=\"p1\"><strong>Choreographer, performer and teacher<\/strong><\/p>\n<p class=\"p1\">Following her studies at the \u00c9cole de danse contemporaine de Montr\u00e9al, Andrea worked as a performer for choreographers L\u00e9a Tremblays, Roger Sinha, Alejandro de L\u00e9on and the Gypsy Kumbia Orchestra, and as a choreographer for the Cartographie Vivante and Filer projects. In 2014, she co-founded the Collectif Danza Descalza for which she teaches, performs and does cultural mediation, notably with the piece AKO and IMPULSO, the collective&#8217;s latest creation. At the same time, she trained in clowning and physical theater. Andrea was part of the creation Ni clowne, ni femme, as a clown and is part of the company Chasseurs des R\u00eaves as a stilt-walker.<\/p>\n<p>[\/et_pb_fullwidth_header][\/et_pb_section][et_pb_section fb_built=&#8221;1&#8243; fullwidth=&#8221;on&#8221; _builder_version=&#8221;4.16&#8243; background_color=&#8221;#efe8e1&#8243; use_background_color_gradient=&#8221;on&#8221; background_color_gradient_direction=&#8221;185deg&#8221; background_color_gradient_stops=&#8221;#efe8e1 70%|#f9f4ef 70%&#8221; background_color_gradient_start=&#8221;#efe8e1&#8243; background_color_gradient_start_position=&#8221;70%&#8221; background_color_gradient_end=&#8221;#f9f4ef&#8221; background_color_gradient_end_position=&#8221;70%&#8221; background_enable_image=&#8221;off&#8221; parallax=&#8221;on&#8221; parallax_method=&#8221;off&#8221; custom_padding=&#8221;60px||30px||false|&#8221; global_colors_info=&#8221;{}&#8221;][et_pb_fullwidth_header title=&#8221;Yesenia Fuentes&#8221; text_orientation=&#8221;right&#8221; header_image_url=&#8221;http:\/\/danzadescalza.com\/wp-content\/uploads\/2019\/10\/yesenia-fuentes.jpg&#8221; content_max_width=&#8221;85%&#8221; _builder_version=&#8221;4.16&#8243; title_font_size=&#8221;32px&#8221; title_letter_spacing=&#8221;0.01em&#8221; title_line_height=&#8221;1em&#8221; background_color=&#8221;rgba(0,0,0,0)&#8221; button_one_text_size=&#8221;13px&#8221; button_two_text_size=&#8221;13px&#8221; button_two_icon=&#8221;&#x24;||divi||400&#8243; custom_padding=&#8221;30px||30px|||&#8221; global_colors_info=&#8221;{}&#8221;]<\/p>\n<p><strong>Choreographer-performer for the AKO show<\/strong><\/p>\n<p class=\"p1\">Yesenia Fuentes is a performing artist, choreographer, dancer and teacher. She is a tireless creator of performances and collaborations combining dance, music, video and photography, presented in Canada, France, Germany and Colombia. Between 2013 and 2015, she created the piece antik\u00f6rper with the support of the Vivacit\u00e9 program (CALQ, Ville de Montr\u00e9al, Minist\u00e8re de la Culture et des Communications) and MAI (Montr\u00e9al, arts interculturels) via their long-term mentoring and coaching program.<\/p>\n<p>[\/et_pb_fullwidth_header][\/et_pb_section][et_pb_section fb_built=&#8221;1&#8243; fullwidth=&#8221;on&#8221; _builder_version=&#8221;4.16&#8243; background_color=&#8221;#efe8e1&#8243; use_background_color_gradient=&#8221;on&#8221; background_color_gradient_direction=&#8221;185deg&#8221; background_color_gradient_stops=&#8221;#efe8e1 70%|#f9f4ef 70%&#8221; background_color_gradient_start=&#8221;#efe8e1&#8243; background_color_gradient_start_position=&#8221;70%&#8221; background_color_gradient_end=&#8221;#f9f4ef&#8221; background_color_gradient_end_position=&#8221;70%&#8221; background_enable_image=&#8221;off&#8221; parallax=&#8221;on&#8221; parallax_method=&#8221;off&#8221; custom_padding=&#8221;60px||30px||false|&#8221; global_colors_info=&#8221;{}&#8221;][et_pb_fullwidth_header title=&#8221;Jairo Rojas&#8221; text_orientation=&#8221;right&#8221; header_image_url=&#8221;http:\/\/danzadescalza.com\/wp-content\/uploads\/2023\/11\/Jairo-NB.png&#8221; content_max_width=&#8221;85%&#8221; _builder_version=&#8221;4.22.1&#8243; title_font_size=&#8221;32px&#8221; title_letter_spacing=&#8221;0.01em&#8221; title_line_height=&#8221;1em&#8221; background_color=&#8221;rgba(0,0,0,0)&#8221; button_one_text_size=&#8221;13px&#8221; button_two_text_size=&#8221;13px&#8221; button_two_icon=&#8221;&#x24;||divi||400&#8243; custom_padding=&#8221;30px||30px|||&#8221; global_colors_info=&#8221;{}&#8221;]<\/p>\n<p><strong>Creator-performer for the IMPULSO show<\/strong><\/p>\n<p class=\"p1\"><span style=\"font-weight: 400;\">Jairo Rojas has over 20 years&#8217; experience as a performer\/teacher and worked for 15 years with <\/span><i><span style=\"font-weight: 400;\">Compagnie Orkeseos.<\/span><\/i><span style=\"font-weight: 400;\">, contemporary and traditional Colombian dance in Bogota. Immigrated to Quebec in 2018, Jairo Rojas was a performer and teacher for the Montreal company <\/span> <i><span style=\"font-weight: 400;\"> Yambae<\/span><\/i><span style=\"font-weight: 400;\"> ((2017-2019), in contemporary Afro-Colombian dance, and teaches adult workshops for <\/span><i><span style=\"font-weight: 400;\">Danza Descalza <\/span><\/i> <span style=\"font-weight: 400;\">(2019-2020). He is also a performer-creator for Danza Descalza&#8217;s IMPULSO.  <\/span><\/p>\n<p>[\/et_pb_fullwidth_header][\/et_pb_section][et_pb_section fb_built=&#8221;1&#8243; inner_shadow=&#8221;on&#8221; fullwidth=&#8221;on&#8221; _builder_version=&#8221;4.16&#8243; locked=&#8221;off&#8221; global_colors_info=&#8221;{}&#8221;][et_pb_fullwidth_slider _builder_version=&#8221;4.16&#8243; background_color=&#8221;#e55149&#8243; custom_padding=&#8221;425px||425px|||&#8221; animation_direction=&#8221;left&#8221; auto=&#8221;on&#8221; auto_speed=&#8221;4000&#8243; auto_ignore_hover=&#8221;on&#8221; global_colors_info=&#8221;{}&#8221;][et_pb_slide _builder_version=&#8221;4.16&#8243; background_color=&#8221;rgba(0,0,0,0)&#8221; background_enable_color=&#8221;on&#8221; background_image=&#8221;http:\/\/danzadescalza.com\/wp-content\/uploads\/2019\/08\/AKO-Danza-Descalza-9.jpg&#8221; background_enable_image=&#8221;on&#8221; background_position=&#8221;bottom_center&#8221; filter_saturate=&#8221;70%&#8221; filter_brightness=&#8221;84%&#8221; filter_contrast=&#8221;106%&#8221; filter_sepia=&#8221;1%&#8221; filter_opacity=&#8221;90%&#8221; global_colors_info=&#8221;{}&#8221; sticky_transition=&#8221;on&#8221;][\/et_pb_slide][et_pb_slide _builder_version=&#8221;4.16&#8243; background_color=&#8221;rgba(0,0,0,0)&#8221; background_enable_color=&#8221;on&#8221; background_image=&#8221;http:\/\/danzadescalza.com\/wp-content\/uploads\/2019\/08\/IMG_1880_photo.jpg&#8221; background_enable_image=&#8221;on&#8221; filter_saturate=&#8221;70%&#8221; filter_brightness=&#8221;84%&#8221; filter_contrast=&#8221;106%&#8221; filter_sepia=&#8221;1%&#8221; filter_opacity=&#8221;90%&#8221; global_colors_info=&#8221;{}&#8221; sticky_transition=&#8221;on&#8221;][\/et_pb_slide][et_pb_slide _builder_version=&#8221;4.16&#8243; background_color=&#8221;rgba(0,0,0,0)&#8221; background_enable_color=&#8221;on&#8221; background_image=&#8221;http:\/\/danzadescalza.com\/wp-content\/uploads\/2019\/08\/AKO-@VanessaFortinPhotos-253.jpg&#8221; background_enable_image=&#8221;on&#8221; background_position=&#8221;bottom_center&#8221; filter_saturate=&#8221;70%&#8221; filter_brightness=&#8221;84%&#8221; filter_contrast=&#8221;106%&#8221; filter_sepia=&#8221;1%&#8221; filter_opacity=&#8221;90%&#8221; global_colors_info=&#8221;{}&#8221; sticky_transition=&#8221;on&#8221;][\/et_pb_slide][et_pb_slide _builder_version=&#8221;4.16&#8243; background_color=&#8221;rgba(0,0,0,0)&#8221; background_enable_color=&#8221;on&#8221; background_image=&#8221;http:\/\/danzadescalza.com\/wp-content\/uploads\/2019\/08\/DCW04462.jpg&#8221; background_enable_image=&#8221;on&#8221; background_position=&#8221;top_center&#8221; filter_saturate=&#8221;70%&#8221; filter_brightness=&#8221;84%&#8221; filter_contrast=&#8221;106%&#8221; filter_sepia=&#8221;1%&#8221; filter_opacity=&#8221;90%&#8221; global_colors_info=&#8221;{}&#8221; sticky_transition=&#8221;on&#8221;][\/et_pb_slide][et_pb_slide _builder_version=&#8221;4.16&#8243; background_color=&#8221;rgba(0,0,0,0)&#8221; background_enable_color=&#8221;on&#8221; background_image=&#8221;http:\/\/danzadescalza.com\/wp-content\/uploads\/2019\/08\/AKO-Danza-Descalza-10.jpg&#8221; background_enable_image=&#8221;on&#8221; background_position=&#8221;top_center&#8221; filter_saturate=&#8221;70%&#8221; filter_brightness=&#8221;84%&#8221; filter_contrast=&#8221;106%&#8221; filter_sepia=&#8221;1%&#8221; filter_opacity=&#8221;90%&#8221; global_colors_info=&#8221;{}&#8221; sticky_transition=&#8221;on&#8221;][\/et_pb_slide][\/et_pb_fullwidth_slider][\/et_pb_section][et_pb_section fb_built=&#8221;1&#8243; admin_label=&#8221;Testimonials&#8221; _builder_version=&#8221;4.16&#8243; background_color=&#8221;#e55149&#8243; background_enable_image=&#8221;off&#8221; custom_padding=&#8221;43px||0px|||&#8221; top_divider_color=&#8221;#ec5943&#8243; top_divider_height=&#8221;87px&#8221; top_divider_repeat=&#8221;0.6x&#8221; bottom_divider_color=&#8221;#ec5943&#8243; bottom_divider_repeat=&#8221;0.2x&#8221; global_module=&#8221;4836&#8243; collapsed=&#8221;on&#8221; global_colors_info=&#8221;{}&#8221;][et_pb_row _builder_version=&#8221;4.16&#8243; custom_padding=&#8221;30px||30px|||&#8221; global_colors_info=&#8221;{}&#8221;][et_pb_column type=&#8221;4_4&#8243; _builder_version=&#8221;4.16&#8243; global_colors_info=&#8221;{}&#8221;][et_pb_text _builder_version=&#8221;4.16&#8243; text_font=&#8221;||||||||&#8221; text_text_color=&#8221;#f9f4ef&#8221; text_font_size=&#8221;15px&#8221; text_letter_spacing=&#8221;0.03em&#8221; text_line_height=&#8221;0.5em&#8221; header_2_font=&#8221;||||||||&#8221; header_2_text_color=&#8221;#edd7c9&#8243; min_height=&#8221;43px&#8221; custom_margin=&#8221;||15px|||&#8221; global_colors_info=&#8221;{}&#8221;]<\/p>\n<p>booking@danzadescalza.com<\/p>\n<p>info@danzadescalza.com<\/p>\n<p>[\/et_pb_text][et_pb_divider color=&#8221;#f9f4ef&#8221; _builder_version=&#8221;4.16&#8243; custom_margin=&#8221;||0px||false|false&#8221; global_colors_info=&#8221;{}&#8221;][\/et_pb_divider][et_pb_social_media_follow icon_color=&#8221;#f9f9f9&#8243; _builder_version=&#8221;4.20.2&#8243; text_orientation=&#8221;left&#8221; filter_opacity=&#8221;90%&#8221; locked=&#8221;off&#8221; global_colors_info=&#8221;{}&#8221;][et_pb_social_media_follow_network social_network=&#8221;facebook&#8221; url=&#8221;https:\/\/www.facebook.com\/DanzaDescalza325&#8243; icon_color=&#8221;#f9f4ef&#8221; use_icon_font_size=&#8221;on&#8221; icon_font_size=&#8221;13px&#8221; _builder_version=&#8221;4.17.4&#8243; background_color=&#8221;rgba(0,0,0,0)&#8221; background_enable_color=&#8221;on&#8221; border_radii=&#8221;on|20px|20px|20px|20px&#8221; border_width_all=&#8221;2px&#8221; border_color_all=&#8221;#f9f4ef&#8221; global_colors_info=&#8221;{}&#8221; follow_button=&#8221;off&#8221; url_new_window=&#8221;on&#8221;]facebook[\/et_pb_social_media_follow_network][et_pb_social_media_follow_network social_network=&#8221;instagram&#8221; url=&#8221;https:\/\/www.instagram.com\/danza.descalza\/&#8221; icon_color=&#8221;#f9f4ef&#8221; use_icon_font_size=&#8221;on&#8221; icon_font_size=&#8221;13px&#8221; _builder_version=&#8221;4.20.2&#8243; background_color=&#8221;rgba(0,0,0,0)&#8221; background_enable_color=&#8221;on&#8221; border_radii=&#8221;on|20px|20px|20px|20px&#8221; border_width_all=&#8221;2px&#8221; border_color_all=&#8221;#f9f4ef&#8221; global_colors_info=&#8221;{}&#8221; follow_button=&#8221;off&#8221; url_new_window=&#8221;on&#8221;]instagram[\/et_pb_social_media_follow_network][et_pb_social_media_follow_network social_network=&#8221;youtube&#8221; url=&#8221;https:\/\/www.youtube.com\/channel\/UCS2QbFrC4XGSm7RH1hZYxHg\/about&#8221; icon_color=&#8221;#f9f4ef&#8221; use_icon_font_size=&#8221;on&#8221; icon_font_size=&#8221;13px&#8221; _builder_version=&#8221;4.17.4&#8243; background_color=&#8221;#E55149&#8243; background_enable_color=&#8221;on&#8221; border_radii=&#8221;on|20px|20px|20px|20px&#8221; border_width_all=&#8221;2px&#8221; border_color_all=&#8221;#f9f4ef&#8221; global_colors_info=&#8221;{}&#8221; follow_button=&#8221;off&#8221; url_new_window=&#8221;on&#8221;]youtube[\/et_pb_social_media_follow_network][\/et_pb_social_media_follow][\/et_pb_column][\/et_pb_row][\/et_pb_section]<\/p>\n","protected":false},"excerpt":{"rendered":"<p>Founded in 2014, the Danza Descalza collective offers unique performances and workshops, a bridge between innovation and tradition.<\/p>\n","protected":false},"author":1,"featured_media":2095,"parent":0,"menu_order":0,"comment_status":"closed","ping_status":"closed","template":"","meta":{"_et_pb_use_builder":"on","_et_pb_old_content":"","_et_gb_content_width":"","inline_featured_image":false,"footnotes":""},"class_list":["post-5594","page","type-page","status-publish","has-post-thumbnail","hentry"],"_links":{"self":[{"href":"http:\/\/danzadescalza.com\/en\/wp-json\/wp\/v2\/pages\/5594","targetHints":{"allow":["GET"]}}],"collection":[{"href":"http:\/\/danzadescalza.com\/en\/wp-json\/wp\/v2\/pages"}],"about":[{"href":"http:\/\/danzadescalza.com\/en\/wp-json\/wp\/v2\/types\/page"}],"author":[{"embeddable":true,"href":"http:\/\/danzadescalza.com\/en\/wp-json\/wp\/v2\/users\/1"}],"replies":[{"embeddable":true,"href":"http:\/\/danzadescalza.com\/en\/wp-json\/wp\/v2\/comments?post=5594"}],"version-history":[{"count":25,"href":"http:\/\/danzadescalza.com\/en\/wp-json\/wp\/v2\/pages\/5594\/revisions"}],"predecessor-version":[{"id":6606,"href":"http:\/\/danzadescalza.com\/en\/wp-json\/wp\/v2\/pages\/5594\/revisions\/6606"}],"wp:featuredmedia":[{"embeddable":true,"href":"http:\/\/danzadescalza.com\/en\/wp-json\/wp\/v2\/media\/2095"}],"wp:attachment":[{"href":"http:\/\/danzadescalza.com\/en\/wp-json\/wp\/v2\/media?parent=5594"}],"curies":[{"name":"wp","href":"https:\/\/api.w.org\/{rel}","templated":true}]}}