{"id":5598,"date":"2020-05-01T13:59:45","date_gmt":"2020-05-01T17:59:45","guid":{"rendered":"http:\/\/danzadescalza.com\/dates\/"},"modified":"2023-11-14T13:15:10","modified_gmt":"2023-11-14T17:15:10","slug":"dates","status":"publish","type":"page","link":"http:\/\/danzadescalza.com\/en\/dates\/","title":{"rendered":"Shows dates"},"content":{"rendered":"<p>[et_pb_section fb_built=&#8221;1&#8243; _builder_version=&#8221;4.16&#8243; background_color=&#8221;#f9f4ef&#8221; custom_padding=&#8221;30px||30px||true|&#8221; global_colors_info=&#8221;{}&#8221;][et_pb_row _builder_version=&#8221;4.17.3&#8243; global_colors_info=&#8221;{}&#8221;][et_pb_column type=&#8221;4_4&#8243; _builder_version=&#8221;4.16&#8243; global_colors_info=&#8221;{}&#8221;][et_pb_text _builder_version=&#8221;4.17.3&#8243; _module_preset=&#8221;default&#8221; global_colors_info=&#8221;{}&#8221;]<\/p>\n<h1>Shows dates<\/h1>\n<p>[\/et_pb_text][\/et_pb_column][\/et_pb_row][et_pb_row _builder_version=&#8221;4.16&#8243; global_colors_info=&#8221;{}&#8221;][et_pb_column type=&#8221;4_4&#8243; _builder_version=&#8221;4.16&#8243; global_colors_info=&#8221;{}&#8221;][et_pb_text _builder_version=&#8221;4.17.3&#8243; text_font=&#8221;|600|||||||&#8221; text_font_size=&#8221;24px&#8221; global_colors_info=&#8221;{}&#8221;]<\/p>\n<p>2023<br \/>Show IMPULSO<\/p>\n<p>[\/et_pb_text][\/et_pb_column][\/et_pb_row][et_pb_row _builder_version=&#8221;4.16&#8243; global_colors_info=&#8221;{}&#8221;][et_pb_column type=&#8221;4_4&#8243; _builder_version=&#8221;4.16&#8243; global_colors_info=&#8221;{}&#8221;][et_pb_text _builder_version=&#8221;4.17.6&#8243; text_font=&#8221;||||||||&#8221; text_font_size=&#8221;14px&#8221; global_colors_info=&#8221;{}&#8221;]<\/p>\n<p>06 July at 7pm | <a href=\"https:\/\/www.facebook.com\/events\/789848785801594\">Parc Rodolphe Rousseau<\/a> &#8211; Arrondissement de Saint-Laurent &#8211; Ville Saint-Laurent<\/p>\n<p>19 July at 4pm | <a href=\"https:\/\/www.facebook.com\/events\/266978719249969\">Th\u00e9\u00e2tre du Marais &#8211; Val-Morin<\/a> (avec les musiciens en direct)<\/p>\n<p>20 July at 7pm | <a href=\"https:\/\/www.facebook.com\/events\/1952363831776197\">Parvis de l&#8217;\u00e9glise Notre-Dame-Des-sept-Douleurs<\/a> &#8211; Maison de la culture Verdun &#8211; Quai 5061 &#8211; Verdun (avec les musiciens en direct)<\/p>\n<p>1 August at 7pm | <a href=\"https:\/\/www.facebook.com\/events\/629724131991513\">Place de Castelneau, Villeray<\/a> &#8211; Maison de la culture Claude-L\u00e9veill\u00e9e &#8211; Montr\u00e9al<\/p>\n<p>26 September at 12:30pm | <a href=\"https:\/\/www.facebook.com\/events\/2560001500804669?active_tab=about\">Place Claude-Leveiller &#8211; Division art et culture<\/a>&#8211; Ville de Laval &#8211; Laval<\/p>\n<p>06 October at 1pm | Maison de la culture Janine-Sutto &#8211; VILLE-MARIE &#8211; cultural meditation &#8211; Montr\u00e9al<\/p>\n<p>&nbsp;<\/p>\n<p>[\/et_pb_text][et_pb_divider _builder_version=&#8221;4.16&#8243; width=&#8221;50%&#8221; custom_padding=&#8221;||2px|||&#8221; global_colors_info=&#8221;{}&#8221;][\/et_pb_divider][\/et_pb_column][\/et_pb_row][\/et_pb_section][et_pb_section fb_built=&#8221;1&#8243; _builder_version=&#8221;4.16&#8243; background_color=&#8221;#f9f4ef&#8221; custom_padding=&#8221;30px||30px||true|&#8221; global_colors_info=&#8221;{}&#8221;][et_pb_row _builder_version=&#8221;4.16&#8243; global_colors_info=&#8221;{}&#8221;][et_pb_column type=&#8221;4_4&#8243; _builder_version=&#8221;4.16&#8243; global_colors_info=&#8221;{}&#8221;][et_pb_text _builder_version=&#8221;4.17.3&#8243; text_font=&#8221;|600|||||||&#8221; text_font_size=&#8221;24px&#8221; global_colors_info=&#8221;{}&#8221;]<\/p>\n<p>2022<br \/>Show IMPULSO<\/p>\n<p>[\/et_pb_text][\/et_pb_column][\/et_pb_row][et_pb_row _builder_version=&#8221;4.16&#8243; global_colors_info=&#8221;{}&#8221;][et_pb_column type=&#8221;4_4&#8243; _builder_version=&#8221;4.16&#8243; global_colors_info=&#8221;{}&#8221;][et_pb_text _builder_version=&#8221;4.17.6&#8243; text_font=&#8221;||||||||&#8221; text_font_size=&#8221;14px&#8221; global_colors_info=&#8221;{}&#8221;]<\/p>\n<p>July 30 2022 at 1:30pm | <a href=\"https:\/\/danzadescalza.us8.list-manage.com\/track\/click?u=03c5a8311d65df76d4b460d53&amp;id=472402d4a1&amp;e=6646229dd5\" target=\"_blank\" rel=\"noopener\" data-saferedirecturl=\"https:\/\/www.google.com\/url?q=https:\/\/danzadescalza.us8.list-manage.com\/track\/click?u%3D03c5a8311d65df76d4b460d53%26id%3D472402d4a1%26e%3D6646229dd5&amp;source=gmail&amp;ust=1658973407501000&amp;usg=AOvVaw360i7FzdkGHMSvSru-FdCg\" data-removefontsize=\"true\" data-originalcomputedfontsize=\"15\">Pique-Nique Culturel<\/a> au\u00a0Espace DUSSO \/\u00a0Danse <a href=\"https:\/\/www.google.com\/maps\/search\/Laurentides+-+Sainte-Ad%C3%A8le+%7C+2685+Rue+Rolland?entry=gmail&amp;source=g\" data-saferedirecturl=\"https:\/\/www.google.com\/url?q=https:\/\/www.google.com\/maps\/search\/Laurentides%2B-%2BSainte-Ad%25C3%25A8le%2B%257C%2B2685%2BRue%2BRolland?entry%3Dgmail%26source%3Dg&amp;source=gmail&amp;ust=1658973407501000&amp;usg=AOvVaw3EVO_I74GIQRcf9XHAbC1l\" data-removefontsize=\"true\" data-originalcomputedfontsize=\"15\">Laurentides &#8211; Sainte-Ad\u00e8le<\/a>\u00a0<a href=\"https:\/\/www.google.com\/maps\/search\/Laurentides+-+Sainte-Ad%C3%A8le+%7C+2685+Rue+Rolland?entry=gmail&amp;source=g\" data-saferedirecturl=\"https:\/\/www.google.com\/url?q=https:\/\/www.google.com\/maps\/search\/Laurentides%2B-%2BSainte-Ad%25C3%25A8le%2B%257C%2B2685%2BRue%2BRolland?entry%3Dgmail%26source%3Dg&amp;source=gmail&amp;ust=1658973407501000&amp;usg=AOvVaw3EVO_I74GIQRcf9XHAbC1l\" data-removefontsize=\"true\" data-originalcomputedfontsize=\"15\">| 2685 Rue Rolland<\/a>.<\/p>\n<p>August 5 2022 at 5:30pm | <a href=\"https:\/\/danzadescalza.us8.list-manage.com\/track\/click?u=03c5a8311d65df76d4b460d53&amp;id=1852010cc7&amp;e=6646229dd5\" target=\"_blank\" rel=\"noopener\" data-saferedirecturl=\"https:\/\/www.google.com\/url?q=https:\/\/danzadescalza.us8.list-manage.com\/track\/click?u%3D03c5a8311d65df76d4b460d53%26id%3D1852010cc7%26e%3D6646229dd5&amp;source=gmail&amp;ust=1658973407501000&amp;usg=AOvVaw3sOWgeov9Udlfo0MxhjmoN\" data-removefontsize=\"true\" data-originalcomputedfontsize=\"15\">MC\u00a0C\u00f4te-Des-Neiges<\/a> &#8211; Montr\u00e9al | Parc Mackenzie-King, \u00a0<a href=\"https:\/\/www.google.com\/maps\/search\/4905+Ave+Saint-Kevin?entry=gmail&amp;source=g\" data-saferedirecturl=\"https:\/\/www.google.com\/url?q=https:\/\/www.google.com\/maps\/search\/4905%2BAve%2BSaint-Kevin?entry%3Dgmail%26source%3Dg&amp;source=gmail&amp;ust=1658973407501000&amp;usg=AOvVaw0Gu2hSOEKdrgzLsEPql_zP\" data-removefontsize=\"true\" data-originalcomputedfontsize=\"15\">4905 Ave Saint-Kevin<\/a><\/p>\n<p>August 13 2022 at 2pm | <a href=\"https:\/\/danzadescalza.us8.list-manage.com\/track\/click?u=03c5a8311d65df76d4b460d53&amp;id=a8a9a757a3&amp;e=6646229dd5\" target=\"_blank\" rel=\"noopener\" data-saferedirecturl=\"https:\/\/www.google.com\/url?q=https:\/\/danzadescalza.us8.list-manage.com\/track\/click?u%3D03c5a8311d65df76d4b460d53%26id%3Da8a9a757a3%26e%3D6646229dd5&amp;source=gmail&amp;ust=1658973407501000&amp;usg=AOvVaw2R4qLyeAtHRtKyc5j067Sg\" data-removefontsize=\"true\" data-originalcomputedfontsize=\"15\">Diffusion Momentum \/ Le Carr\u00e9 150<\/a> &#8211; Victoriaville | Place St Victoire, <a href=\"https:\/\/www.google.com\/maps\/search\/20+Rue+de+Bigarr%C3%A9?entry=gmail&amp;source=g\" data-saferedirecturl=\"https:\/\/www.google.com\/url?q=https:\/\/www.google.com\/maps\/search\/20%2BRue%2Bde%2BBigarr%25C3%25A9?entry%3Dgmail%26source%3Dg&amp;source=gmail&amp;ust=1658973407502000&amp;usg=AOvVaw0F5YQeKUrG3geLCAvYXlWQ\" data-removefontsize=\"true\" data-originalcomputedfontsize=\"15\">20 Rue de Bigarr\u00e9<\/a>.<\/p>\n<p>August 18 2022 at 7:45pm | <a href=\"https:\/\/danzadescalza.us8.list-manage.com\/track\/click?u=03c5a8311d65df76d4b460d53&amp;id=7d29d6e810&amp;e=6646229dd5\" target=\"_blank\" rel=\"noopener\" data-saferedirecturl=\"https:\/\/www.google.com\/url?q=https:\/\/danzadescalza.us8.list-manage.com\/track\/click?u%3D03c5a8311d65df76d4b460d53%26id%3D7d29d6e810%26e%3D6646229dd5&amp;source=gmail&amp;ust=1658973407502000&amp;usg=AOvVaw2frghCFYKGAEQ22vMkFFHr\" data-removefontsize=\"true\" data-originalcomputedfontsize=\"15\">Festival Mosa\u00efque \/ Diapason<\/a> &#8211; Laval |\u00a0\u00c0\u00a0proximit\u00e9 du 8560 Rue de l&#8217;\u00c9glise.<\/p>\n<p>August 20 2022 at 3:30pm | <a href=\"https:\/\/danzadescalza.us8.list-manage.com\/track\/click?u=03c5a8311d65df76d4b460d53&amp;id=8f4ac5960a&amp;e=6646229dd5\" target=\"_blank\" rel=\"noopener\" data-saferedirecturl=\"https:\/\/www.google.com\/url?q=https:\/\/danzadescalza.us8.list-manage.com\/track\/click?u%3D03c5a8311d65df76d4b460d53%26id%3D8f4ac5960a%26e%3D6646229dd5&amp;source=gmail&amp;ust=1658973407502000&amp;usg=AOvVaw1nvsa7lxM04Eqjpvry59hW\" data-removefontsize=\"true\" data-originalcomputedfontsize=\"15\">Centre immigration en R\u00e9gion<\/a> \/ Grenville en f\u00eate\u00a0&#8211; Grenville |\u00a0<a href=\"https:\/\/www.google.com\/maps\/search\/21,+rue+Tri-Jean?entry=gmail&amp;source=g\" data-saferedirecturl=\"https:\/\/www.google.com\/url?q=https:\/\/www.google.com\/maps\/search\/21,%2Brue%2BTri-Jean?entry%3Dgmail%26source%3Dg&amp;source=gmail&amp;ust=1658973407502000&amp;usg=AOvVaw3eYM54Df64af-VCSbdcl4M\" data-removefontsize=\"true\" data-originalcomputedfontsize=\"15\">21, rue Tri-Jean<\/a>.<\/p>\n<p>September 25th 2022 at 3pm | Quartier des Spectacles &#8211; Montr\u00e9al |\u00a0Coin Emery et St Denis.<\/p>\n<p>&nbsp;<\/p>\n<p>[\/et_pb_text][et_pb_divider _builder_version=&#8221;4.16&#8243; width=&#8221;50%&#8221; custom_padding=&#8221;||2px|||&#8221; global_colors_info=&#8221;{}&#8221;][\/et_pb_divider][\/et_pb_column][\/et_pb_row][\/et_pb_section][et_pb_section fb_built=&#8221;1&#8243; _builder_version=&#8221;4.16&#8243; background_color=&#8221;#f9f4ef&#8221; custom_padding=&#8221;30px||30px||true|&#8221; global_colors_info=&#8221;{}&#8221;][et_pb_row _builder_version=&#8221;4.16&#8243; global_colors_info=&#8221;{}&#8221;][et_pb_column type=&#8221;4_4&#8243; _builder_version=&#8221;4.16&#8243; global_colors_info=&#8221;{}&#8221;][et_pb_text _builder_version=&#8221;4.17.3&#8243; text_font=&#8221;|600|||||||&#8221; text_font_size=&#8221;24px&#8221; global_colors_info=&#8221;{}&#8221;]<\/p>\n<p>2021<br \/>Show AKo<\/p>\n<p>[\/et_pb_text][\/et_pb_column][\/et_pb_row][et_pb_row _builder_version=&#8221;4.16&#8243; global_colors_info=&#8221;{}&#8221;][et_pb_column type=&#8221;4_4&#8243; _builder_version=&#8221;4.16&#8243; global_colors_info=&#8221;{}&#8221;][et_pb_text _builder_version=&#8221;4.16&#8243; text_font=&#8221;||||||||&#8221; text_font_size=&#8221;14px&#8221; global_colors_info=&#8221;{}&#8221;]<\/p>\n<p>August 1 2021 : Th\u00e9\u00e2tre Outremont &#8211; Montr\u00e9al at 1pm<\/p>\n<p>August 3 2021 : Maison de la culture Marie-Ugua &#8211; \u00a0LE SUD-OUEST &#8211; Montr\u00e9al at 7pm<\/p>\n<p>August 4 2021 : Arrondissement de Verdun &#8211; Montr\u00e9al at 6pm<\/p>\n<p>August 7 2021 : Partenariat du Quartier des Spectacles &#8211; Montr\u00e9al at 5:30 and 6:30pm<\/p>\n<p>August 14 2021 : Maison de la culture Mercier &#8211; Montr\u00e9al at 1pm<\/p>\n<p>August 28 2021 : Diapason |\u00a0Festival Mosa\u00efque \u00a0Laval at 7:30pm<\/p>\n<p>September 18 2021 : Partenariat du Quartier des Spectacles &#8211; Montr\u00e9al at 4pm and 6pm<\/p>\n<p>September 26 2021 : Th\u00e9\u00e2tre Lionel Groulx \/ ODYSC\u00c8NE &#8211; Saint-Th\u00e9r\u00e8se 7pm<\/p>\n<p>&nbsp;<\/p>\n<p>[\/et_pb_text][et_pb_divider _builder_version=&#8221;4.16&#8243; width=&#8221;50%&#8221; custom_padding=&#8221;||2px|||&#8221; global_colors_info=&#8221;{}&#8221;][\/et_pb_divider][\/et_pb_column][\/et_pb_row][\/et_pb_section][et_pb_section fb_built=&#8221;1&#8243; _builder_version=&#8221;4.16&#8243; background_color=&#8221;#f9f4ef&#8221; custom_padding=&#8221;30px||30px||true|&#8221; global_colors_info=&#8221;{}&#8221;][et_pb_row _builder_version=&#8221;4.16&#8243; global_colors_info=&#8221;{}&#8221;][et_pb_column type=&#8221;4_4&#8243; _builder_version=&#8221;4.16&#8243; global_colors_info=&#8221;{}&#8221;][et_pb_text _builder_version=&#8221;4.17.3&#8243; text_font=&#8221;|600|||||||&#8221; text_font_size=&#8221;24px&#8221; global_colors_info=&#8221;{}&#8221;]<\/p>\n<p>2020<br \/>Spectacle AKo<\/p>\n<p>[\/et_pb_text][\/et_pb_column][\/et_pb_row][et_pb_row _builder_version=&#8221;4.16&#8243; global_colors_info=&#8221;{}&#8221;][et_pb_column type=&#8221;4_4&#8243; _builder_version=&#8221;4.16&#8243; global_colors_info=&#8221;{}&#8221;][et_pb_text _builder_version=&#8221;4.16&#8243; text_font=&#8221;||||||||&#8221; text_font_size=&#8221;14px&#8221; global_colors_info=&#8221;{}&#8221;]<\/p>\n<p class=\"p1\"><strong>Programme Quand L\u2019art Prends L\u2019air (Conseil des Arts de Montr\u00e9al)<\/strong><\/p>\n<p class=\"p1\">September 18 2020 at 6pm : Coop\u00e9rative du Chalutier, Montr\u00e9al<\/p>\n<p class=\"p1\">September 19 2020 at 3pm: Coop\u00e9rative du Mile End, Montr\u00e9al<\/p>\n<p class=\"p1\">September 20 2020 at 3pm : Coop\u00e9rative du Troisi\u00e8me Type, Montr\u00e9al<\/p>\n<p class=\"p1\">\u00a0<\/p>\n<p>[\/et_pb_text][et_pb_divider _builder_version=&#8221;4.16&#8243; width=&#8221;50%&#8221; custom_padding=&#8221;||2px|||&#8221; global_colors_info=&#8221;{}&#8221;][\/et_pb_divider][\/et_pb_column][\/et_pb_row][\/et_pb_section][et_pb_section fb_built=&#8221;1&#8243; _builder_version=&#8221;4.16&#8243; background_color=&#8221;#f9f4ef&#8221; custom_padding=&#8221;30px||30px||true|&#8221; global_colors_info=&#8221;{}&#8221;][et_pb_row _builder_version=&#8221;4.16&#8243; global_colors_info=&#8221;{}&#8221;][et_pb_column type=&#8221;4_4&#8243; _builder_version=&#8221;4.16&#8243; global_colors_info=&#8221;{}&#8221;][et_pb_text _builder_version=&#8221;4.17.3&#8243; text_font=&#8221;|600|||||||&#8221; text_font_size=&#8221;24px&#8221; global_colors_info=&#8221;{}&#8221;]<\/p>\n<p>2019<br \/>Spectacle AKo<\/p>\n<p>[\/et_pb_text][et_pb_text _builder_version=&#8221;4.16&#8243; text_font=&#8221;||||||||&#8221; text_font_size=&#8221;14px&#8221; global_colors_info=&#8221;{}&#8221;]<\/p>\n<p class=\"p1\">September 28 : Journ\u00e9es de la culture, Alma<\/p>\n<p class=\"p1\">July 7 : Festiculture Rivi\u00e8re, Rivi\u00e8re-des-Prairies, Montreal<\/p>\n<p class=\"p1\">June 29 : La Fiesta Agriculturelle d&#8217;Argenteuil, Centre pour l&#8217;Immigration en\u00a0R\u00e9gion, Grenville-sur-la-Rouge<\/p>\n<p>[\/et_pb_text][et_pb_divider _builder_version=&#8221;4.16&#8243; width=&#8221;50%&#8221; global_colors_info=&#8221;{}&#8221;][\/et_pb_divider][et_pb_text _builder_version=&#8221;4.16&#8243; text_font=&#8221;||||||||&#8221; text_font_size=&#8221;14px&#8221; global_colors_info=&#8221;{}&#8221;]<\/p>\n<p class=\"p1\"><strong>CAM Touring Program (Conseil des Arts de Montr\u00e9al en Tourn\u00e9e)<\/strong><\/p>\n<p class=\"p1\">September 26 : Centre Pauline-Julien, C\u00f4te-des-Neiges, Montr\u00e9al<\/p>\n<p class=\"p1\">July 17 : Th\u00e9\u00e2tre de Verdure au Parc La Fontaine, Montr\u00e9al<\/p>\n<p class=\"p1\">July 13 :<span class=\"Apple-converted-space\">\u00a0 <\/span>Saint-L\u00e9onard, Montr\u00e9al<\/p>\n<p class=\"p1\">July 11th : Sainte-Anne-de-Bellevue, face \u00e0 l&#8217;H\u00f4tel de ville sur la promenade<\/p>\n<p class=\"p1\">July 10th : Parc de Normanville, Villeray, Montr\u00e9al<\/p>\n<p class=\"p1\">July 4th : Hampstead Park, Ville de Hampstead<\/p>\n<p class=\"p1\">July 1st : Parc Strathearn, Ville de Montr\u00e9al-Ouest<\/p>\n<p class=\"p1\">\u00a0<\/p>\n<p>[\/et_pb_text][et_pb_divider _builder_version=&#8221;4.16&#8243; width=&#8221;50%&#8221; global_colors_info=&#8221;{}&#8221;][\/et_pb_divider][et_pb_text _builder_version=&#8221;4.16&#8243; text_font=&#8221;||||||||&#8221; text_font_size=&#8221;14px&#8221; global_colors_info=&#8221;{}&#8221;]<\/p>\n<p class=\"p1\"><strong>Gaspesie Tour<\/strong><\/p>\n<p class=\"p1\">July 28 : FURIES &#8211; festival de danse contemporaine, Marsoui<\/p>\n<p class=\"p1\">July 28 : FURIES &#8211; festival de danse contemporaine, Marsoui Open workshop\u00a0<\/p>\n<p class=\"p1\">July 24 : Promenade de Perc\u00e9, Perc\u00e9<\/p>\n<p class=\"p1\">July 23 : Devant l&#8217;\u00c9glise de l&#8217;Assomption-de-Notre-Dame, Grande-Rivi\u00e8re<\/p>\n<p class=\"p1\">July 22 : Parc des Horizons, Carleton-sur-Mer<\/p>\n<p class=\"p1\">\u00a0<\/p>\n<p>[\/et_pb_text][et_pb_divider _builder_version=&#8221;4.16&#8243; width=&#8221;50%&#8221; global_colors_info=&#8221;{}&#8221;][\/et_pb_divider][et_pb_text _builder_version=&#8221;4.16&#8243; text_font=&#8221;||||||||&#8221; text_font_size=&#8221;14px&#8221; custom_padding=&#8221;0px|||||&#8221; global_colors_info=&#8221;{}&#8221;]<\/p>\n<p class=\"p1\"><b style=\"font-size: 14px;\">Moncton \/ Vancouver Tour<\/b><\/p>\n<p class=\"p1\">\u00a0August 26 : All over the Map + VLAFF, Granville Island Open workshop<\/p>\n<p class=\"p1\">August 25 : All over the Map + VLAFF, Granville Island<\/p>\n<p class=\"p1\">August 24 : All over the map, Vancouver<\/p>\n<p class=\"p1\">August 23 : Vancouver Latin American Film Festival (VLAFF), Vancouver<\/p>\n<p class=\"p1\">August 20 : Parc du Riverain, Festival de danse en\u00a0Atlantique, Moncton Open Workshop<\/p>\n<p class=\"p1\">August 17\/18\/19 : Parc du Riverain, Festival de danse en Atlantique, Moncton<\/p>\n<p class=\"p1\">\u00a0<\/p>\n<p>[\/et_pb_text][et_pb_divider _builder_version=&#8221;4.16&#8243; width=&#8221;50%&#8221; global_colors_info=&#8221;{}&#8221;][\/et_pb_divider][\/et_pb_column][\/et_pb_row][\/et_pb_section][et_pb_section fb_built=&#8221;1&#8243; _builder_version=&#8221;4.16&#8243; background_color=&#8221;#f9f4ef&#8221; custom_padding=&#8221;30px||30px||true|&#8221; global_colors_info=&#8221;{}&#8221;][et_pb_row _builder_version=&#8221;4.16&#8243; min_height=&#8221;94.2px&#8221; global_colors_info=&#8221;{}&#8221;][et_pb_column type=&#8221;4_4&#8243; _builder_version=&#8221;4.16&#8243; global_colors_info=&#8221;{}&#8221;][et_pb_text _builder_version=&#8221;4.17.3&#8243; text_font=&#8221;|600|||||||&#8221; text_font_size=&#8221;24px&#8221; global_colors_info=&#8221;{}&#8221;]<\/p>\n<p>2018<br \/>Spectacle AKo<\/p>\n<p>[\/et_pb_text][\/et_pb_column][\/et_pb_row][et_pb_row _builder_version=&#8221;4.16&#8243; global_colors_info=&#8221;{}&#8221;][et_pb_column type=&#8221;4_4&#8243; _builder_version=&#8221;4.16&#8243; global_colors_info=&#8221;{}&#8221;][et_pb_text _builder_version=&#8221;4.16&#8243; text_font=&#8221;||||||||&#8221; text_font_size=&#8221;14px&#8221; global_colors_info=&#8221;{}&#8221;]<\/p>\n<p>August 18 : Arrondissement de Saint-Laurent<\/p>\n<p class=\"p1\">August 7 : \u00a0Maison de la culture, Notre-Dame-de-Gr\u00e2ce<\/p>\n<p class=\"p1\">August 2 : \u00a0Centre Culturel, Peter B. Yeomans<\/p>\n<p class=\"p1\">July 19 and 26 : Parc Pinebeach, Ville de Dorval<\/p>\n<p class=\"p1\">July 13 : Journ\u00e9es de la Danse, Place Bourget, Joliette<\/p>\n<p class=\"p1\">July 12 : Th\u00e9\u00e2tre ValSpec, Mont Laurier<\/p>\n<p class=\"p1\">June 28 : \u00a0Ville de Kirkland<\/p>\n<p class=\"p1\">June 9 : \u00a0Centre culturel Yvonne L. Bombardier, Valcourt<\/p>\n<p class=\"p1\">\u00a0<\/p>\n<p>[\/et_pb_text][et_pb_divider _builder_version=&#8221;4.16&#8243; width=&#8221;50%&#8221; global_colors_info=&#8221;{}&#8221;][\/et_pb_divider][\/et_pb_column][\/et_pb_row][\/et_pb_section]<\/p>\n","protected":false},"excerpt":{"rendered":"<p>Shows dates2023Show IMPULSO06 July at 7pm | Parc Rodolphe Rousseau &#8211; Arrondissement de Saint-Laurent &#8211; Ville Saint-Laurent 19 July at 4pm | Th\u00e9\u00e2tre du Marais &#8211; Val-Morin (avec les musiciens en direct) 20 July at 7pm | Parvis de l&#8217;\u00e9glise Notre-Dame-Des-sept-Douleurs &#8211; Maison de la culture Verdun &#8211; Quai 5061 &#8211; Verdun (avec les musiciens [&hellip;]<\/p>\n","protected":false},"author":1,"featured_media":3763,"parent":0,"menu_order":0,"comment_status":"closed","ping_status":"closed","template":"","meta":{"_et_pb_use_builder":"on","_et_pb_old_content":"","_et_gb_content_width":"","inline_featured_image":false,"footnotes":""},"class_list":["post-5598","page","type-page","status-publish","has-post-thumbnail","hentry"],"_links":{"self":[{"href":"http:\/\/danzadescalza.com\/en\/wp-json\/wp\/v2\/pages\/5598","targetHints":{"allow":["GET"]}}],"collection":[{"href":"http:\/\/danzadescalza.com\/en\/wp-json\/wp\/v2\/pages"}],"about":[{"href":"http:\/\/danzadescalza.com\/en\/wp-json\/wp\/v2\/types\/page"}],"author":[{"embeddable":true,"href":"http:\/\/danzadescalza.com\/en\/wp-json\/wp\/v2\/users\/1"}],"replies":[{"embeddable":true,"href":"http:\/\/danzadescalza.com\/en\/wp-json\/wp\/v2\/comments?post=5598"}],"version-history":[{"count":41,"href":"http:\/\/danzadescalza.com\/en\/wp-json\/wp\/v2\/pages\/5598\/revisions"}],"predecessor-version":[{"id":6555,"href":"http:\/\/danzadescalza.com\/en\/wp-json\/wp\/v2\/pages\/5598\/revisions\/6555"}],"wp:featuredmedia":[{"embeddable":true,"href":"http:\/\/danzadescalza.com\/en\/wp-json\/wp\/v2\/media\/3763"}],"wp:attachment":[{"href":"http:\/\/danzadescalza.com\/en\/wp-json\/wp\/v2\/media?parent=5598"}],"curies":[{"name":"wp","href":"https:\/\/api.w.org\/{rel}","templated":true}]}}