{"id":5614,"date":"2020-05-01T14:28:16","date_gmt":"2020-05-01T18:28:16","guid":{"rendered":"http:\/\/danzadescalza.com\/colectivo\/"},"modified":"2023-11-14T20:40:21","modified_gmt":"2023-11-15T00:40:21","slug":"colectivo","status":"publish","type":"page","link":"http:\/\/danzadescalza.com\/es\/colectivo\/","title":{"rendered":"Collectivo"},"content":{"rendered":"<p>[et_pb_section fb_built=&#8221;1&#8243; inner_shadow=&#8221;on&#8221; fullwidth=&#8221;on&#8221; admin_label=&#8221;Video&#8221; _builder_version=&#8221;4.16&#8243; background_color=&#8221;#e55149&#8243; background_enable_video_mp4=&#8221;off&#8221; module_alignment=&#8221;center&#8221; min_height_tablet=&#8221;&#8221; min_height_phone=&#8221;&#8221; min_height_last_edited=&#8221;on|desktop&#8221; bottom_divider_color=&#8221;#e55149&#8243; bottom_divider_flip=&#8221;horizontal&#8221; collapsed=&#8221;on&#8221; global_colors_info=&#8221;{}&#8221;][et_pb_fullwidth_header background_overlay_color=&#8221;rgba(0,0,0,0)&#8221; _builder_version=&#8221;4.16&#8243; background_color=&#8221;rgba(0,0,0,0)&#8221; background_image=&#8221;http:\/\/danzadescalza.com\/wp-content\/uploads\/2019\/08\/danza-descalza-ako.jpg&#8221; parallax=&#8221;on&#8221; parallax_method=&#8221;on&#8221; background_enable_video_mp4=&#8221;off&#8221; background_video_width=&#8221;1920px&#8221; background_video_height=&#8221;1080px&#8221; allow_player_pause=&#8221;on&#8221; button_one_text_size=&#8221;13&#8243; button_two_text_size=&#8221;13&#8243; min_height=&#8221;800px&#8221; min_height_tablet=&#8221;600px&#8221; min_height_phone=&#8221;450px&#8221; min_height_last_edited=&#8221;on|phone&#8221; filter_saturate=&#8221;70%&#8221; filter_brightness=&#8221;84%&#8221; filter_contrast=&#8221;106%&#8221; filter_sepia=&#8221;1%&#8221; filter_opacity=&#8221;85%&#8221; global_colors_info=&#8221;{}&#8221;][\/et_pb_fullwidth_header][\/et_pb_section][et_pb_section fb_built=&#8221;1&#8243; fullwidth=&#8221;on&#8221; _builder_version=&#8221;4.16&#8243; locked=&#8221;off&#8221; global_colors_info=&#8221;{}&#8221;][et_pb_fullwidth_header title=&#8221;Colectivo de danza&#8221; button_one_text=&#8221;Comunicado de prensa&#8221; button_one_url=&#8221;https:\/\/drive.google.com\/file\/d\/1ECIi-mCBP9n4-u6-ahzHhbbvxU2l4NY_\/view?usp=share_link&#8221; content_max_width=&#8221;60%&#8221; content_max_width_tablet=&#8221;&#8221; content_max_width_phone=&#8221;90%&#8221; content_max_width_last_edited=&#8221;on|phone&#8221; _builder_version=&#8221;4.22.1&#8243; title_text_color=&#8221;#efe8e1&#8243; title_line_height=&#8221;1.1em&#8221; content_text_color=&#8221;#efe8e1&#8243; background_image=&#8221;http:\/\/danzadescalza.com\/wp-content\/uploads\/2019\/11\/square-left-red-5.png&#8221; background_blend=&#8221;multiply&#8221; button_one_text_size=&#8221;13&#8243; button_one_text_color=&#8221;#efe8e1&#8243; button_one_border_color=&#8221;#efe8e1&#8243; button_one_icon_color=&#8221;#efe3d5&#8243; button_two_text_size=&#8221;13&#8243; button_two_text_color=&#8221;#efe8e1&#8243; button_two_border_color=&#8221;#efe8e1&#8243; button_two_icon_color=&#8221;#efe3d5&#8243; custom_padding=&#8221;||60px|||&#8221; hover_enabled=&#8221;0&#8243; global_colors_info=&#8221;{}&#8221; sticky_enabled=&#8221;0&#8243;]<\/p>\n<p><span style=\"font-weight: 400;\">Danza Descalza obra principalmente en la creaci\u00f3n, produci\u00f3n, promoci\u00f3n y difuci\u00f3n obras art\u00edsticas. Igualmente se desempe\u00f1a en la formaci\u00f3n en danza en la mediaci\u00f3n cultural. Creado en el 2020 como organismo, el colectivo esta activo desde el 2014, con la misi\u00f3n de democratizar y compartir la danza, desarrollando nuevos p\u00fablicos. Danza Descalza se destaca por sus obras creadas para lugares no convencionales y sus talleres de danza contempor\u00e1nea inspirados en las danzas afrocolombianas.   <\/span><\/p>\n<p><span style=\"font-weight: 400;\">La organizaci\u00f3n ofrece talleres semanales para adultos en Montreal, proyectos creativos en escuelas y talleres personalizados. En 2017, el colectivo cre\u00f3 el espect\u00e1culo  <\/span><i><span style=\"font-weight: 400;\">AKO<\/span><\/i><span style=\"font-weight: 400;\">, una obra especialmente concebida para espacios p\u00fablicos. Tras su \u00e9xito rotundo, con m\u00e1s de 50 representaciones por todo Canad\u00e1, Danza Descalza presenta ahora otra obra para espacios inusitados : IMPULSO.  <\/span><\/p>\n<p><span style=\"font-weight: 400;\">Con numerosos miembros y colaboradores, Danza Descalza cuenta con dos directoras art\u00edsticas que trabajan como core\u00f3grafas, int\u00e9rpretes y profesoras: Andrea Nino y Laurence Sabourin Laflamme. <\/span><\/p>\n<p>[\/et_pb_fullwidth_header][\/et_pb_section][et_pb_section fb_built=&#8221;1&#8243; fullwidth=&#8221;on&#8221; _builder_version=&#8221;4.16&#8243; background_color=&#8221;#efe8e1&#8243; use_background_color_gradient=&#8221;on&#8221; background_color_gradient_direction=&#8221;185deg&#8221; background_color_gradient_stops=&#8221;#f9f4ef 70%|#efe8e1 70%&#8221; background_color_gradient_start=&#8221;#f9f4ef&#8221; background_color_gradient_start_position=&#8221;70%&#8221; background_color_gradient_end=&#8221;#efe8e1&#8243; background_color_gradient_end_position=&#8221;70%&#8221; background_enable_image=&#8221;off&#8221; parallax=&#8221;on&#8221; parallax_method=&#8221;off&#8221; custom_padding=&#8221;60px||30px||false|&#8221; global_colors_info=&#8221;{}&#8221;][et_pb_fullwidth_header title=&#8221;Laurence Sabourin&#8221; text_orientation=&#8221;right&#8221; header_image_url=&#8221;http:\/\/danzadescalza.com\/wp-content\/uploads\/2019\/10\/laurence-sabourin.jpg&#8221; content_max_width=&#8221;85%&#8221; _builder_version=&#8221;4.16&#8243; title_font_size=&#8221;32px&#8221; title_line_height=&#8221;1em&#8221; background_color=&#8221;rgba(0,0,0,0)&#8221; button_one_text_size=&#8221;13px&#8221; button_two_text_size=&#8221;13px&#8221; button_two_icon=&#8221;&#x24;||divi||400&#8243; custom_padding=&#8221;30px||30px|||&#8221; global_colors_info=&#8221;{}&#8221;]<\/p>\n<p><strong>Core\u00f3grafa, int\u00e9rprete y profesora<\/strong><\/p>\n<p><span style=\"font-weight: 400;\">Laurence Sabourin-Laflamme es una artista interdisciplinar que trabaja como core\u00f3grafa, bailarina-int\u00e9rprete y m\u00fasica. Formada en danza contempor\u00e1nea y ballet cl\u00e1sico, se centr\u00f3 despu\u00e9s en la danza afrocolombiana.  Realiz\u00f3 varios viajes a Colombia, donde produjo su obra Mange Racine (core\u00f3grafa\/int\u00e9rprete) y realiz\u00f3 una gira con la Gypsy Kumbia Orchestra, grupo del que form\u00f3 parte durante 5 a\u00f1os. Tambi\u00e9n colabora con la compa\u00f1\u00eda Mandoline Hybride y el grupo Les Mains Tendres, con el que realiza giras tanto en Canad\u00e1 como a escala internacional.<\/span><\/p>\n<p class=\"p1\">\n<p>[\/et_pb_fullwidth_header][\/et_pb_section][et_pb_section fb_built=&#8221;1&#8243; fullwidth=&#8221;on&#8221; _builder_version=&#8221;4.16&#8243; background_color=&#8221;#efe8e1&#8243; background_color_gradient_direction=&#8221;185deg&#8221; background_enable_image=&#8221;off&#8221; parallax=&#8221;on&#8221; parallax_method=&#8221;off&#8221; custom_padding=&#8221;60px||60px||false|&#8221; global_colors_info=&#8221;{}&#8221;][et_pb_fullwidth_header title=&#8221;Andrea Ni\u00f1o&#8221; text_orientation=&#8221;right&#8221; header_image_url=&#8221;http:\/\/danzadescalza.com\/wp-content\/uploads\/2019\/10\/andrea-nino.jpg&#8221; content_max_width=&#8221;85%&#8221; _builder_version=&#8221;4.16&#8243; title_font_size=&#8221;32px&#8221; title_line_height=&#8221;1em&#8221; background_color=&#8221;rgba(0,0,0,0)&#8221; button_one_text_size=&#8221;13px&#8221; button_two_text_size=&#8221;13px&#8221; button_two_icon=&#8221;&#x24;||divi||400&#8243; custom_padding=&#8221;30px||30px|||&#8221; global_colors_info=&#8221;{}&#8221;]<\/p>\n<p class=\"p1\"><strong>Core\u00f3grafa, int\u00e9rprete y profesora<\/strong><\/p>\n<p class=\"p1\">Tras sus estudios en la \u00c9cole de danse contemporaine de Montreal, Andrea trabaj\u00f3 como int\u00e9rprete para los core\u00f3grafos L\u00e9a Tremblays, Roger Sinha, Alejandro de L\u00e9on y la Gypsy Kumbia Orchestra, y como core\u00f3grafa para los proyectos Cartographie Vivante y Filer. En 2014, cofund\u00f3 el Collectif Danza Descalza para el que ense\u00f1a, act\u00faa y realiza mediaci\u00f3n cultural, en particular con la pieza AKO y IMPULSO, la \u00faltima creaci\u00f3n del colectivo. Al mismo tiempo, sigui\u00f3 cursos de clown y teatro f\u00edsico. Andrea particip\u00f3 en la creaci\u00f3n Ni clowne, ni femme, como payasa, y forma parte de la compa\u00f1\u00eda Chasseurs des R\u00eaves como zanquera.<\/p>\n<p>[\/et_pb_fullwidth_header][\/et_pb_section][et_pb_section fb_built=&#8221;1&#8243; fullwidth=&#8221;on&#8221; _builder_version=&#8221;4.16&#8243; background_color=&#8221;#efe8e1&#8243; use_background_color_gradient=&#8221;on&#8221; background_color_gradient_direction=&#8221;185deg&#8221; background_color_gradient_stops=&#8221;#efe8e1 70%|#f9f4ef 70%&#8221; background_color_gradient_start=&#8221;#efe8e1&#8243; background_color_gradient_start_position=&#8221;70%&#8221; background_color_gradient_end=&#8221;#f9f4ef&#8221; background_color_gradient_end_position=&#8221;70%&#8221; background_enable_image=&#8221;off&#8221; parallax=&#8221;on&#8221; parallax_method=&#8221;off&#8221; custom_padding=&#8221;60px||30px||false|&#8221; global_colors_info=&#8221;{}&#8221;][et_pb_fullwidth_header title=&#8221;Yesenia Fuentes&#8221; text_orientation=&#8221;right&#8221; header_image_url=&#8221;http:\/\/danzadescalza.com\/wp-content\/uploads\/2019\/10\/yesenia-fuentes.jpg&#8221; content_max_width=&#8221;85%&#8221; _builder_version=&#8221;4.16&#8243; title_font_size=&#8221;32px&#8221; title_letter_spacing=&#8221;0.01em&#8221; title_line_height=&#8221;1em&#8221; background_color=&#8221;rgba(0,0,0,0)&#8221; button_one_text_size=&#8221;13px&#8221; button_two_text_size=&#8221;13px&#8221; button_two_icon=&#8221;&#x24;||divi||400&#8243; custom_padding=&#8221;30px||30px|||&#8221; global_colors_info=&#8221;{}&#8221;]<\/p>\n<p><strong>Core\u00f3grafa-int\u00e9rprete del espect\u00e1culo AKO<\/strong><\/p>\n<p class=\"p1\">Yesenia Fuentes es artista esc\u00e9nica, core\u00f3grafa, bailarina y profesora. Es una creadora infatigable, cuyas actuaciones y colaboraciones combinan danza, m\u00fasica, v\u00eddeo y fotograf\u00eda, y se presentan en Canad\u00e1, Francia, Alemania y Colombia.  Entre 2013 y 2015, cre\u00f3 la pieza antik\u00f6rper con el apoyo del programa Vivacit\u00e9 (CALQ, Ville de Montr\u00e9al, Minist\u00e8re de la Culture et des Communications) y MAI (Montr\u00e9al, arts interculturels) a trav\u00e9s de su programa de tutor\u00eda y coaching a largo plazo.<\/p>\n<p>[\/et_pb_fullwidth_header][\/et_pb_section][et_pb_section fb_built=&#8221;1&#8243; fullwidth=&#8221;on&#8221; _builder_version=&#8221;4.16&#8243; background_color=&#8221;#efe8e1&#8243; use_background_color_gradient=&#8221;on&#8221; background_color_gradient_direction=&#8221;185deg&#8221; background_color_gradient_stops=&#8221;#efe8e1 70%|#f9f4ef 70%&#8221; background_color_gradient_start=&#8221;#efe8e1&#8243; background_color_gradient_start_position=&#8221;70%&#8221; background_color_gradient_end=&#8221;#f9f4ef&#8221; background_color_gradient_end_position=&#8221;70%&#8221; background_enable_image=&#8221;off&#8221; parallax=&#8221;on&#8221; parallax_method=&#8221;off&#8221; custom_padding=&#8221;60px||30px||false|&#8221; global_colors_info=&#8221;{}&#8221;][et_pb_fullwidth_header title=&#8221;Jairo Rojas&#8221; text_orientation=&#8221;right&#8221; header_image_url=&#8221;http:\/\/danzadescalza.com\/wp-content\/uploads\/2023\/11\/Jairo-NB.png&#8221; content_max_width=&#8221;85%&#8221; _builder_version=&#8221;4.22.1&#8243; title_font_size=&#8221;32px&#8221; title_letter_spacing=&#8221;0.01em&#8221; title_line_height=&#8221;1em&#8221; background_color=&#8221;rgba(0,0,0,0)&#8221; button_one_text_size=&#8221;13px&#8221; button_two_text_size=&#8221;13px&#8221; button_two_icon=&#8221;&#x24;||divi||400&#8243; custom_padding=&#8221;30px||30px|||&#8221; global_colors_info=&#8221;{}&#8221;]<\/p>\n<p><strong>Creador-int\u00e9rprete del espect\u00e1culo IMPULSO<\/strong><\/p>\n<p class=\"p1\"><span style=\"font-weight: 400;\">Jairo Rojas tiene m\u00e1s de 20 a\u00f1os de experiencia como int\u00e9rprete\/profesor y trabaj\u00f3 durante 15 a\u00f1os con la<\/span><i><span style=\"font-weight: 400;\">Compa\u00f1ia Orkeseos<\/span><\/i><span style=\"font-weight: 400;\">, danza contempor\u00e1nea y tradicional colombiana en Bogot\u00e1. una vez emigrado a Quebec en 2018, Jairo Rojas fue int\u00e9rprete y profesor de la compa\u00f1\u00eda de Montreal<\/span> <i><span style=\"font-weight: 400;\"> Yambae<\/span><\/i><span style=\"font-weight: 400;\"> ((2017-2019) en danza afrocolombiana contempor\u00e1nea e imparte talleres para adultos con el colectivo<\/span><i><span style=\"font-weight: 400;\">Danza Descalza <\/span><\/i> <span style=\"font-weight: 400;\">(2019-2020). Tambi\u00e9n es int\u00e9rprete-creador en IMPULSO de Danza Descalza.  <\/span><\/p>\n<p>[\/et_pb_fullwidth_header][\/et_pb_section][et_pb_section fb_built=&#8221;1&#8243; inner_shadow=&#8221;on&#8221; fullwidth=&#8221;on&#8221; _builder_version=&#8221;4.16&#8243; locked=&#8221;off&#8221; global_colors_info=&#8221;{}&#8221;][et_pb_fullwidth_slider _builder_version=&#8221;4.16&#8243; background_color=&#8221;#e55149&#8243; custom_padding=&#8221;425px||425px|||&#8221; animation_direction=&#8221;left&#8221; auto=&#8221;on&#8221; auto_speed=&#8221;4000&#8243; auto_ignore_hover=&#8221;on&#8221; global_colors_info=&#8221;{}&#8221;][et_pb_slide _builder_version=&#8221;4.16&#8243; background_color=&#8221;rgba(0,0,0,0)&#8221; background_enable_color=&#8221;on&#8221; background_image=&#8221;http:\/\/danzadescalza.com\/wp-content\/uploads\/2019\/08\/AKO-Danza-Descalza-9.jpg&#8221; background_enable_image=&#8221;on&#8221; background_position=&#8221;bottom_center&#8221; filter_saturate=&#8221;70%&#8221; filter_brightness=&#8221;84%&#8221; filter_contrast=&#8221;106%&#8221; filter_sepia=&#8221;1%&#8221; filter_opacity=&#8221;90%&#8221; global_colors_info=&#8221;{}&#8221; sticky_transition=&#8221;on&#8221;][\/et_pb_slide][et_pb_slide _builder_version=&#8221;4.16&#8243; background_color=&#8221;rgba(0,0,0,0)&#8221; background_enable_color=&#8221;on&#8221; background_image=&#8221;http:\/\/danzadescalza.com\/wp-content\/uploads\/2019\/08\/IMG_1880_photo.jpg&#8221; background_enable_image=&#8221;on&#8221; filter_saturate=&#8221;70%&#8221; filter_brightness=&#8221;84%&#8221; filter_contrast=&#8221;106%&#8221; filter_sepia=&#8221;1%&#8221; filter_opacity=&#8221;90%&#8221; global_colors_info=&#8221;{}&#8221; sticky_transition=&#8221;on&#8221;][\/et_pb_slide][et_pb_slide _builder_version=&#8221;4.16&#8243; background_color=&#8221;rgba(0,0,0,0)&#8221; background_enable_color=&#8221;on&#8221; background_image=&#8221;http:\/\/danzadescalza.com\/wp-content\/uploads\/2019\/08\/AKO-@VanessaFortinPhotos-253.jpg&#8221; background_enable_image=&#8221;on&#8221; background_position=&#8221;bottom_center&#8221; filter_saturate=&#8221;70%&#8221; filter_brightness=&#8221;84%&#8221; filter_contrast=&#8221;106%&#8221; filter_sepia=&#8221;1%&#8221; filter_opacity=&#8221;90%&#8221; global_colors_info=&#8221;{}&#8221; sticky_transition=&#8221;on&#8221;][\/et_pb_slide][et_pb_slide _builder_version=&#8221;4.16&#8243; background_color=&#8221;rgba(0,0,0,0)&#8221; background_enable_color=&#8221;on&#8221; background_image=&#8221;http:\/\/danzadescalza.com\/wp-content\/uploads\/2019\/08\/DCW04462.jpg&#8221; background_enable_image=&#8221;on&#8221; background_position=&#8221;top_center&#8221; filter_saturate=&#8221;70%&#8221; filter_brightness=&#8221;84%&#8221; filter_contrast=&#8221;106%&#8221; filter_sepia=&#8221;1%&#8221; filter_opacity=&#8221;90%&#8221; global_colors_info=&#8221;{}&#8221; sticky_transition=&#8221;on&#8221;][\/et_pb_slide][et_pb_slide _builder_version=&#8221;4.16&#8243; background_color=&#8221;rgba(0,0,0,0)&#8221; background_enable_color=&#8221;on&#8221; background_image=&#8221;http:\/\/danzadescalza.com\/wp-content\/uploads\/2019\/08\/AKO-Danza-Descalza-10.jpg&#8221; background_enable_image=&#8221;on&#8221; background_position=&#8221;top_center&#8221; filter_saturate=&#8221;70%&#8221; filter_brightness=&#8221;84%&#8221; filter_contrast=&#8221;106%&#8221; filter_sepia=&#8221;1%&#8221; filter_opacity=&#8221;90%&#8221; global_colors_info=&#8221;{}&#8221; sticky_transition=&#8221;on&#8221;][\/et_pb_slide][\/et_pb_fullwidth_slider][\/et_pb_section][et_pb_section fb_built=&#8221;1&#8243; admin_label=&#8221;Testimonials&#8221; _builder_version=&#8221;4.16&#8243; background_color=&#8221;#e55149&#8243; background_enable_image=&#8221;off&#8221; custom_padding=&#8221;43px||0px|||&#8221; top_divider_color=&#8221;#ec5943&#8243; top_divider_height=&#8221;87px&#8221; top_divider_repeat=&#8221;0.6x&#8221; bottom_divider_color=&#8221;#ec5943&#8243; bottom_divider_repeat=&#8221;0.2x&#8221; global_module=&#8221;4836&#8243; collapsed=&#8221;on&#8221; global_colors_info=&#8221;{}&#8221;][et_pb_row _builder_version=&#8221;4.16&#8243; custom_padding=&#8221;30px||30px|||&#8221; global_colors_info=&#8221;{}&#8221;][et_pb_column type=&#8221;4_4&#8243; _builder_version=&#8221;4.16&#8243; global_colors_info=&#8221;{}&#8221;][et_pb_text _builder_version=&#8221;4.16&#8243; text_font=&#8221;||||||||&#8221; text_text_color=&#8221;#f9f4ef&#8221; text_font_size=&#8221;15px&#8221; text_letter_spacing=&#8221;0.03em&#8221; text_line_height=&#8221;0.5em&#8221; header_2_font=&#8221;||||||||&#8221; header_2_text_color=&#8221;#edd7c9&#8243; min_height=&#8221;43px&#8221; custom_margin=&#8221;||15px|||&#8221; global_colors_info=&#8221;{}&#8221;]<\/p>\n<p>booking@danzadescalza.com<\/p>\n<p>info@danzadescalza.com<\/p>\n<p>[\/et_pb_text][et_pb_divider color=&#8221;#f9f4ef&#8221; _builder_version=&#8221;4.16&#8243; custom_margin=&#8221;||0px||false|false&#8221; global_colors_info=&#8221;{}&#8221;][\/et_pb_divider][et_pb_social_media_follow icon_color=&#8221;#f9f9f9&#8243; _builder_version=&#8221;4.20.2&#8243; text_orientation=&#8221;left&#8221; filter_opacity=&#8221;90%&#8221; locked=&#8221;off&#8221; global_colors_info=&#8221;{}&#8221;][et_pb_social_media_follow_network social_network=&#8221;facebook&#8221; url=&#8221;https:\/\/www.facebook.com\/DanzaDescalza325&#8243; icon_color=&#8221;#f9f4ef&#8221; use_icon_font_size=&#8221;on&#8221; icon_font_size=&#8221;13px&#8221; _builder_version=&#8221;4.17.4&#8243; background_color=&#8221;rgba(0,0,0,0)&#8221; background_enable_color=&#8221;on&#8221; border_radii=&#8221;on|20px|20px|20px|20px&#8221; border_width_all=&#8221;2px&#8221; border_color_all=&#8221;#f9f4ef&#8221; global_colors_info=&#8221;{}&#8221; follow_button=&#8221;off&#8221; url_new_window=&#8221;on&#8221;]facebook[\/et_pb_social_media_follow_network][et_pb_social_media_follow_network social_network=&#8221;instagram&#8221; url=&#8221;https:\/\/www.instagram.com\/danza.descalza\/&#8221; icon_color=&#8221;#f9f4ef&#8221; use_icon_font_size=&#8221;on&#8221; icon_font_size=&#8221;13px&#8221; _builder_version=&#8221;4.20.2&#8243; background_color=&#8221;rgba(0,0,0,0)&#8221; background_enable_color=&#8221;on&#8221; border_radii=&#8221;on|20px|20px|20px|20px&#8221; border_width_all=&#8221;2px&#8221; border_color_all=&#8221;#f9f4ef&#8221; global_colors_info=&#8221;{}&#8221; follow_button=&#8221;off&#8221; url_new_window=&#8221;on&#8221;]instagram[\/et_pb_social_media_follow_network][et_pb_social_media_follow_network social_network=&#8221;youtube&#8221; url=&#8221;https:\/\/www.youtube.com\/channel\/UCS2QbFrC4XGSm7RH1hZYxHg\/about&#8221; icon_color=&#8221;#f9f4ef&#8221; use_icon_font_size=&#8221;on&#8221; icon_font_size=&#8221;13px&#8221; _builder_version=&#8221;4.17.4&#8243; background_color=&#8221;#E55149&#8243; background_enable_color=&#8221;on&#8221; border_radii=&#8221;on|20px|20px|20px|20px&#8221; border_width_all=&#8221;2px&#8221; border_color_all=&#8221;#f9f4ef&#8221; global_colors_info=&#8221;{}&#8221; follow_button=&#8221;off&#8221; url_new_window=&#8221;on&#8221;]youtube[\/et_pb_social_media_follow_network][\/et_pb_social_media_follow][\/et_pb_column][\/et_pb_row][\/et_pb_section]<\/p>\n","protected":false},"excerpt":{"rendered":"<p>Creado en 2014, el colectivo Danza Descalza ofrece espect\u00e1culos y talleres \u00fanicos, un puente entre la innovaci\u00f3n y la tradici\u00f3n.<\/p>\n","protected":false},"author":1,"featured_media":2096,"parent":0,"menu_order":0,"comment_status":"closed","ping_status":"closed","template":"","meta":{"_et_pb_use_builder":"on","_et_pb_old_content":"","_et_gb_content_width":"","inline_featured_image":false,"footnotes":""},"class_list":["post-5614","page","type-page","status-publish","has-post-thumbnail","hentry"],"_links":{"self":[{"href":"http:\/\/danzadescalza.com\/es\/wp-json\/wp\/v2\/pages\/5614","targetHints":{"allow":["GET"]}}],"collection":[{"href":"http:\/\/danzadescalza.com\/es\/wp-json\/wp\/v2\/pages"}],"about":[{"href":"http:\/\/danzadescalza.com\/es\/wp-json\/wp\/v2\/types\/page"}],"author":[{"embeddable":true,"href":"http:\/\/danzadescalza.com\/es\/wp-json\/wp\/v2\/users\/1"}],"replies":[{"embeddable":true,"href":"http:\/\/danzadescalza.com\/es\/wp-json\/wp\/v2\/comments?post=5614"}],"version-history":[{"count":17,"href":"http:\/\/danzadescalza.com\/es\/wp-json\/wp\/v2\/pages\/5614\/revisions"}],"predecessor-version":[{"id":6612,"href":"http:\/\/danzadescalza.com\/es\/wp-json\/wp\/v2\/pages\/5614\/revisions\/6612"}],"wp:featuredmedia":[{"embeddable":true,"href":"http:\/\/danzadescalza.com\/es\/wp-json\/wp\/v2\/media\/2096"}],"wp:attachment":[{"href":"http:\/\/danzadescalza.com\/es\/wp-json\/wp\/v2\/media?parent=5614"}],"curies":[{"name":"wp","href":"https:\/\/api.w.org\/{rel}","templated":true}]}}