{"id":6213,"date":"2022-05-15T17:30:51","date_gmt":"2022-05-15T21:30:51","guid":{"rendered":"http:\/\/danzadescalza.com\/fechas-de-talleres\/"},"modified":"2023-09-18T17:35:21","modified_gmt":"2023-09-18T21:35:21","slug":"fechas-de-talleres","status":"publish","type":"page","link":"http:\/\/danzadescalza.com\/es\/fechas-de-talleres\/","title":{"rendered":"Fechas de los Talleres"},"content":{"rendered":"<p>[et_pb_section fb_built=&#8221;1&#8243; _builder_version=&#8221;4.20.2&#8243; background_color=&#8221;#f9f4ef&#8221; custom_padding=&#8221;30px||30px||true|&#8221; hover_enabled=&#8221;0&#8243; global_colors_info=&#8221;{}&#8221; sticky_enabled=&#8221;0&#8243;][et_pb_row _builder_version=&#8221;4.16&#8243; global_colors_info=&#8221;{}&#8221;][et_pb_column type=&#8221;4_4&#8243; _builder_version=&#8221;4.16&#8243; global_colors_info=&#8221;{}&#8221;][et_pb_text _builder_version=&#8221;4.17.3&#8243; text_font=&#8221;|600|||||||&#8221; text_font_size=&#8221;24px&#8221; global_colors_info=&#8221;{}&#8221;]<\/p>\n<h1>Fechas de los Talleres<\/h1>\n<p>[\/et_pb_text][\/et_pb_column][\/et_pb_row][et_pb_row _builder_version=&#8221;4.16&#8243; custom_margin=&#8221;34px|auto|30px|auto||&#8221; global_colors_info=&#8221;{}&#8221;][et_pb_column type=&#8221;4_4&#8243; _builder_version=&#8221;4.16&#8243; global_colors_info=&#8221;{}&#8221;][et_pb_text _builder_version=&#8221;4.20.2&#8243; text_font=&#8221;|600|||||||&#8221; text_font_size=&#8221;24px&#8221; hover_enabled=&#8221;0&#8243; global_colors_info=&#8221;{}&#8221; sticky_enabled=&#8221;0&#8243;]<\/p>\n<h2>2023<\/h2>\n<p>[\/et_pb_text][et_pb_text _builder_version=&#8221;4.18.0&#8243; text_font=&#8221;|600|||||||&#8221; text_font_size=&#8221;24px&#8221; global_colors_info=&#8221;{}&#8221;]<\/p>\n<h4><strong>Talleres semanales para adultos<\/strong><\/h4>\n<p>[\/et_pb_text][\/et_pb_column][\/et_pb_row][et_pb_row column_structure=&#8221;1_2,1_2&#8243; _builder_version=&#8221;4.18.0&#8243; _module_preset=&#8221;default&#8221; custom_margin=&#8221;|auto|48px|auto||&#8221; global_colors_info=&#8221;{}&#8221;][et_pb_column type=&#8221;1_2&#8243; _builder_version=&#8221;4.18.0&#8243; _module_preset=&#8221;default&#8221; global_colors_info=&#8221;{}&#8221;][et_pb_text _builder_version=&#8221;4.17.6&#8243; text_font=&#8221;||||||||&#8221; text_font_size=&#8221;14px&#8221; min_height=&#8221;106.6px&#8221; custom_margin=&#8221;12px|||||&#8221; custom_padding=&#8221;||2px|||&#8221; global_colors_info=&#8221;{}&#8221;]<\/p>\n<div class=\"et_pb_module et_pb_text et_pb_text_1 et_pb_text_align_left et_pb_bg_layout_light\">\n<div class=\"et_pb_text_inner\">\n<p style=\"text-align: center;\"><strong>TALLER DE PRIMAVERA 2023<\/strong><\/p>\n<p style=\"text-align: center;\"><span style=\"font-size: 24.000001907348633px;\">25 de abril a 13 de junio 2023 <\/span><\/p>\n<p style=\"text-align: center;\"><span style=\"font-size: 24.000001907348633px;\">7pm \u00e0 9pm<\/span><\/p>\n<p style=\"text-align: center;\">En el Studio D | <span style=\"font-size: 24.000001907348633px;\">5445 av de Gasp\u00e9 local 616<\/span><\/p>\n<p style=\"text-align: center;\"><span><\/span><\/p>\n<\/div>\n<\/div>\n<div class=\"et_pb_text_inner\" style=\"text-align: center;\">\n<p>&nbsp;<\/p>\n<\/div>\n<p style=\"text-align: center;\">\n<p>[\/et_pb_text][\/et_pb_column][et_pb_column type=&#8221;1_2&#8243; _builder_version=&#8221;4.18.0&#8243; _module_preset=&#8221;default&#8221; global_colors_info=&#8221;{}&#8221;][et_pb_image src=&#8221;http:\/\/danzadescalza.com\/wp-content\/uploads\/2023\/04\/Facebook-Couverture-Ateliers.png&#8221; _builder_version=&#8221;4.20.2&#8243; _module_preset=&#8221;default&#8221; title_text=&#8221;Facebook Couverture &#8211; Ateliers&#8221; hover_enabled=&#8221;0&#8243; sticky_enabled=&#8221;0&#8243;][\/et_pb_image][\/et_pb_column][\/et_pb_row][et_pb_row column_structure=&#8221;1_2,1_2&#8243; _builder_version=&#8221;4.18.0&#8243; _module_preset=&#8221;default&#8221; custom_margin=&#8221;|auto|48px|auto||&#8221; global_colors_info=&#8221;{}&#8221;][et_pb_column type=&#8221;1_2&#8243; _builder_version=&#8221;4.18.0&#8243; _module_preset=&#8221;default&#8221; global_colors_info=&#8221;{}&#8221;][et_pb_text _builder_version=&#8221;4.17.6&#8243; text_font=&#8221;||||||||&#8221; text_font_size=&#8221;14px&#8221; min_height=&#8221;106.6px&#8221; custom_margin=&#8221;12px|||||&#8221; custom_padding=&#8221;||2px|||&#8221; global_colors_info=&#8221;{}&#8221;]<\/p>\n<div class=\"et_pb_module et_pb_text et_pb_text_1 et_pb_text_align_left et_pb_bg_layout_light\">\n<div class=\"et_pb_text_inner\">\n<p style=\"text-align: center;\"><strong>TALLERES DE OTO\u00d1O 2023<\/strong><span><\/span><\/p>\n<p style=\"text-align: center;\"><span>Del 14 de febrero al 11 de abril 2023 <\/span><\/p>\n<p style=\"text-align: center;\"><span style=\"font-size: 24.000001907348633px;\">7pm \u00e0 9pm<\/span><\/p>\n<p style=\"text-align: center;\">En el Studio D | <span style=\"font-size: 24.000001907348633px;\">5445 av de Gasp\u00e9 local 616<\/span><\/p>\n<p style=\"text-align: center;\"><span><\/span><\/p>\n<\/div>\n<\/div>\n<div class=\"et_pb_text_inner\" style=\"text-align: center;\">\n<p>&nbsp;<\/p>\n<\/div>\n<p style=\"text-align: center;\">\n<p>[\/et_pb_text][\/et_pb_column][et_pb_column type=&#8221;1_2&#8243; _builder_version=&#8221;4.18.0&#8243; _module_preset=&#8221;default&#8221; global_colors_info=&#8221;{}&#8221;][et_pb_image src=&#8221;http:\/\/danzadescalza.com\/wp-content\/uploads\/2023\/03\/Facebook-Couverture-Ateliers.png&#8221; title_text=&#8221;Facebook Couverture &#8211; Ateliers&#8221; _builder_version=&#8221;4.18.0&#8243; _module_preset=&#8221;default&#8221; global_colors_info=&#8221;{}&#8221;][\/et_pb_image][\/et_pb_column][\/et_pb_row][et_pb_row _builder_version=&#8221;4.16&#8243; custom_margin=&#8221;34px|auto|30px|auto||&#8221; global_colors_info=&#8221;{}&#8221; locked=&#8221;off&#8221; min_height=&#8221;74.9px&#8221;][et_pb_column type=&#8221;4_4&#8243; _builder_version=&#8221;4.16&#8243; global_colors_info=&#8221;{}&#8221;][et_pb_text _builder_version=&#8221;4.20.2&#8243; text_font=&#8221;|600|||||||&#8221; text_font_size=&#8221;24px&#8221; hover_enabled=&#8221;0&#8243; global_colors_info=&#8221;{}&#8221; sticky_enabled=&#8221;0&#8243;]<\/p>\n<h2>2022<\/h2>\n<p>[\/et_pb_text][\/et_pb_column][\/et_pb_row][et_pb_row column_structure=&#8221;1_2,1_2&#8243; _builder_version=&#8221;4.18.0&#8243; _module_preset=&#8221;default&#8221; custom_margin=&#8221;|auto|48px|auto||&#8221; global_colors_info=&#8221;{}&#8221;][et_pb_column type=&#8221;1_2&#8243; _builder_version=&#8221;4.18.0&#8243; _module_preset=&#8221;default&#8221; global_colors_info=&#8221;{}&#8221;][et_pb_text _builder_version=&#8221;4.17.6&#8243; text_font=&#8221;||||||||&#8221; text_font_size=&#8221;14px&#8221; min_height=&#8221;106.6px&#8221; custom_margin=&#8221;12px|||||&#8221; custom_padding=&#8221;||2px|||&#8221; global_colors_info=&#8221;{}&#8221;]<\/p>\n<div class=\"et_pb_module et_pb_text et_pb_text_1 et_pb_text_align_left et_pb_bg_layout_light\">\n<div class=\"et_pb_text_inner\">\n<p style=\"text-align: center;\"><strong>TALLERES DE OTO\u00d1O 2022<\/strong><span><\/span><\/p>\n<p style=\"text-align: center;\"><span>Del 27 de septiembre al 14 de diciembre 2022 <\/span><\/p>\n<p style=\"text-align: center;\"><span style=\"font-size: 24.000001907348633px;\">7pm \u00e0 9pm<\/span><\/p>\n<p style=\"text-align: center;\">En el Studio D | <span style=\"font-size: 24.000001907348633px;\">5445 av de Gasp\u00e9 local 616<\/span><span style=\"font-size: 14px; font-weight: 500;\"> <\/span><\/p>\n<\/div>\n<\/div>\n<p style=\"text-align: center;\">\n<p>[\/et_pb_text][\/et_pb_column][et_pb_column type=&#8221;1_2&#8243; _builder_version=&#8221;4.18.0&#8243; _module_preset=&#8221;default&#8221; global_colors_info=&#8221;{}&#8221;][et_pb_image src=&#8221;http:\/\/danzadescalza.com\/wp-content\/uploads\/2023\/03\/Atelier-DD-.jpg&#8221; title_text=&#8221;Atelier DD&#8221; _builder_version=&#8221;4.18.0&#8243; _module_preset=&#8221;default&#8221; global_colors_info=&#8221;{}&#8221;][\/et_pb_image][\/et_pb_column][\/et_pb_row][et_pb_row column_structure=&#8221;1_2,1_2&#8243; _builder_version=&#8221;4.17.6&#8243; _module_preset=&#8221;default&#8221; global_colors_info=&#8221;{}&#8221;][et_pb_column type=&#8221;1_2&#8243; _builder_version=&#8221;4.17.6&#8243; _module_preset=&#8221;default&#8221; global_colors_info=&#8221;{}&#8221;][et_pb_text _builder_version=&#8221;4.17.6&#8243; text_font=&#8221;||||||||&#8221; text_font_size=&#8221;14px&#8221; min_height=&#8221;106.6px&#8221; custom_margin=&#8221;12px|||||&#8221; custom_padding=&#8221;||2px|||&#8221; global_colors_info=&#8221;{}&#8221;]<\/p>\n<div class=\"et_pb_module et_pb_text et_pb_text_1 et_pb_text_align_left et_pb_bg_layout_light\">\n<div class=\"et_pb_text_inner\">\n<p style=\"text-align: center;\"><strong>TALLER DE PRIMAVERA 2022<\/strong><span><\/span><\/p>\n<p style=\"text-align: center;\"><span>Del 17 de mayo al 21 de junio 2022 <\/span><\/p>\n<p style=\"text-align: center;\"><span style=\"font-size: 24.000001907348633px;\">7pm \u00e0 9pm<\/span><\/p>\n<p style=\"text-align: center;\">En el Studio D | <span style=\"font-size: 24.000001907348633px;\">5445 av de Gasp\u00e9 local 616<\/span><\/p>\n<p style=\"text-align: center;\"><span><\/span><\/p>\n<\/div>\n<\/div>\n<div class=\"et_pb_text_inner\" style=\"text-align: center;\">\n<p>&nbsp;<\/p>\n<\/div>\n<p style=\"text-align: center;\">\n<p>[\/et_pb_text][\/et_pb_column][et_pb_column type=&#8221;1_2&#8243; _builder_version=&#8221;4.17.6&#8243; _module_preset=&#8221;default&#8221; global_colors_info=&#8221;{}&#8221;][et_pb_image src=&#8221;http:\/\/danzadescalza.com\/wp-content\/uploads\/2022\/08\/Prochaine-session-du-17-mai-au-21-juin-2022.png&#8221; title_text=&#8221;Proxima sesion dal 17 de mayo al 21 de juino 2022&#8243; _builder_version=&#8221;4.17.6&#8243; _module_preset=&#8221;default&#8221; global_colors_info=&#8221;{}&#8221;][\/et_pb_image][\/et_pb_column][\/et_pb_row][et_pb_row _builder_version=&#8221;4.16&#8243; global_colors_info=&#8221;{}&#8221;][et_pb_column type=&#8221;4_4&#8243; _builder_version=&#8221;4.16&#8243; global_colors_info=&#8221;{}&#8221;][et_pb_text _builder_version=&#8221;4.17.3&#8243; text_font=&#8221;|600|||||||&#8221; text_font_size=&#8221;24px&#8221; min_height=&#8221;97.4px&#8221; global_colors_info=&#8221;{}&#8221;]<\/p>\n<h4><strong>&#8220;Mon corps ma maison &#8220;<\/strong><\/h4>\n<p>TALLERES Y CRACION EN DANZA PARA JOVENES<\/p>\n<p>[\/et_pb_text][\/et_pb_column][\/et_pb_row][et_pb_row column_structure=&#8221;1_2,1_2&#8243; _builder_version=&#8221;4.17.3&#8243; _module_preset=&#8221;default&#8221; custom_padding=&#8221;||63px|||&#8221; global_colors_info=&#8221;{}&#8221;][et_pb_column type=&#8221;1_2&#8243; _builder_version=&#8221;4.17.3&#8243; _module_preset=&#8221;default&#8221; global_colors_info=&#8221;{}&#8221;][et_pb_text _builder_version=&#8221;4.17.3&#8243; text_font=&#8221;||||||||&#8221; text_font_size=&#8221;14px&#8221; min_height=&#8221;252.6px&#8221; custom_margin=&#8221;114px|||||&#8221; custom_padding=&#8221;||54px|||&#8221; global_colors_info=&#8221;{}&#8221;]<\/p>\n<div class=\"et_pb_module et_pb_text et_pb_text_1 et_pb_text_align_left et_pb_bg_layout_light\">\n<div class=\"et_pb_text_inner\">\n<p style=\"text-align: center;\"><span>8 de marzo al 3 de mayo 2022<\/span><\/p>\n<p style=\"text-align: center;\"><span>4:30 al 6pm<\/span><\/p>\n<\/div>\n<\/div>\n<div class=\"et_pb_text_inner\" style=\"text-align: center;\">\n<p>Actividad ofrecida como parte del ambiente vivo, en colaboraci\u00f3n con la Maison de la Culture Janine-Sutto y artistas del colectivo de danza contempor\u00e1nea Danza Descalza, que explora bailes culturales con j\u00f3venes y que resultar\u00e1 en una actuaci\u00f3n p\u00fablica en el Janine-Sutto Casa de la Cultura.<\/p>\n<p><strong>Precio :<\/strong> 0,00 $ Taxes exonerados<\/p>\n<p><strong>Edad requerida :<\/strong> 9 a 12 a\u00f1os al dia de la actuvidad<\/p>\n<p>Los talleres se llevar\u00e1n a cabo en<span>Chalet Parc Olivier Robert | 2325 Boulevard de Maisonneuve Est,<\/span><\/p>\n<\/div>\n<p style=\"text-align: center;\">\n<p>[\/et_pb_text][\/et_pb_column][et_pb_column type=&#8221;1_2&#8243; _builder_version=&#8221;4.17.3&#8243; _module_preset=&#8221;default&#8221; global_colors_info=&#8221;{}&#8221;][et_pb_image src=&#8221;http:\/\/danzadescalza.com\/wp-content\/uploads\/2022\/03\/affiche_promo_danse-1.png&#8221; title_text=&#8221;affiche_promo_danse (1)&#8221; _builder_version=&#8221;4.17.3&#8243; _module_preset=&#8221;default&#8221; width=&#8221;80.9%&#8221; custom_padding=&#8221;|63px|0px|||&#8221; global_colors_info=&#8221;{}&#8221;][\/et_pb_image][\/et_pb_column][\/et_pb_row][et_pb_row _builder_version=&#8221;4.17.6&#8243; _module_preset=&#8221;default&#8221; global_colors_info=&#8221;{}&#8221;][et_pb_column type=&#8221;4_4&#8243; _builder_version=&#8221;4.17.6&#8243; _module_preset=&#8221;default&#8221; global_colors_info=&#8221;{}&#8221;][et_pb_text _builder_version=&#8221;4.16&#8243; header_2_font=&#8221;|600||on|||||&#8221; header_2_text_color=&#8221;#e55149&#8243; header_2_font_size=&#8221;36px&#8221; header_2_letter_spacing=&#8221;0.03em&#8221; custom_margin=&#8221;||0px||false|false&#8221; locked=&#8221;off&#8221; global_colors_info=&#8221;{}&#8221;]<\/p>\n<h2 style=\"text-align: center;\">Talleres en linea<\/h2>\n<p>&nbsp;<\/p>\n<p>[\/et_pb_text][et_pb_text _builder_version=&#8221;4.16&#8243; text_font=&#8221;||||||||&#8221; text_font_size=&#8221;14px&#8221; link_font_size=&#8221;19px&#8221; width=&#8221;80%&#8221; module_alignment=&#8221;center&#8221; link_option_url=&#8221;https:\/\/airtable.com\/shrwJTC9mQGYyxDR2&#8243; locked=&#8221;off&#8221; global_colors_info=&#8221;{}&#8221;]<\/p>\n<p style=\"text-align: center;\"><span style=\"font-weight: 400;\">El taller de Danza Descalza es mucho m\u00e1s que una clase de baile, es una experiencia en s\u00ed misma, que le har\u00e1 viajar entre la danza contempor\u00e1nea y los bailes afro-descendientes de Am\u00e9rica Latina, al tiempo que le permitir\u00e1 participar en diferentes juegos de exploraci\u00f3n f\u00edsica y de improvisaci\u00f3n. Nuestras clases semanales vienen acompa\u00f1adas de m\u00fasicos en vivo que animan el baile, \u00a1generando un taller lleno de movimiento en un ambiente festivo y c\u00e1lido!<\/span><\/p>\n<p>&nbsp;<\/p>\n<p style=\"text-align: center;\">Talleres en linea siguen disponibles Contactenos al mail info@danzadescalza.com<\/p>\n<p>&nbsp;<\/p>\n<p>[\/et_pb_text][\/et_pb_column][\/et_pb_row][et_pb_row column_structure=&#8221;1_3,1_3,1_3&#8243; _builder_version=&#8221;4.16&#8243; background_color=&#8221;rgba(0,0,0,0)&#8221; custom_padding=&#8221;30px||30px||true|&#8221; locked=&#8221;off&#8221; global_colors_info=&#8221;{}&#8221;][et_pb_column type=&#8221;1_3&#8243; _builder_version=&#8221;4.16&#8243; global_colors_info=&#8221;{}&#8221;][et_pb_text _builder_version=&#8221;4.18.0&#8243; text_text_color=&#8221;#efe3d5&#8243; header_3_font=&#8221;Libre Franklin|600|||||||&#8221; header_3_text_align=&#8221;center&#8221; header_3_text_color=&#8221;#efe3d5&#8243; background_color=&#8221;#e55149&#8243; text_orientation=&#8221;center&#8221; min_height=&#8221;177px&#8221; custom_margin=&#8221;0px||0px|||&#8221; custom_padding=&#8221;50px||50px||true|false&#8221; link_option_url=&#8221;info@danzadescalza.com&#8221; box_shadow_style=&#8221;preset1&#8243; box_shadow_spread=&#8221;-2px&#8221; text_text_align=&#8221;center&#8221; global_colors_info=&#8221;{}&#8221;]<\/p>\n<p><strong>S\u00e9rie ENVOL<br \/><\/strong>(3 cursos en video)<\/p>\n<h3><strong>30$<\/strong><\/h3>\n<p>[\/et_pb_text][\/et_pb_column][et_pb_column type=&#8221;1_3&#8243; _builder_version=&#8221;4.16&#8243; global_colors_info=&#8221;{}&#8221;][et_pb_text _builder_version=&#8221;4.18.0&#8243; text_text_color=&#8221;#efe3d5&#8243; header_3_font=&#8221;Libre Franklin|600|||||||&#8221; header_3_text_align=&#8221;center&#8221; header_3_text_color=&#8221;#efe3d5&#8243; background_color=&#8221;#e55149&#8243; text_orientation=&#8221;center&#8221; min_height=&#8221;196px&#8221; custom_margin=&#8221;0px||0px||true|false&#8221; custom_padding=&#8221;50px||43px||false|false&#8221; link_option_url=&#8221;info@danzadescalza.com&#8221; box_shadow_style=&#8221;preset1&#8243; box_shadow_spread=&#8221;-2px&#8221; text_text_align=&#8221;center&#8221; global_colors_info=&#8221;{}&#8221;]<\/p>\n<p><strong>S\u00e9rie R\u00c9SILIENCE<br \/><\/strong>(10 cursos en video)<\/p>\n<h3><strong>110$<\/strong><\/h3>\n<p>[\/et_pb_text][\/et_pb_column][et_pb_column type=&#8221;1_3&#8243; _builder_version=&#8221;4.16&#8243; global_colors_info=&#8221;{}&#8221;][et_pb_text _builder_version=&#8221;4.18.0&#8243; text_text_color=&#8221;#efe3d5&#8243; header_3_font=&#8221;Libre Franklin|600|||||||&#8221; header_3_text_align=&#8221;center&#8221; header_3_text_color=&#8221;#efe3d5&#8243; background_color=&#8221;#e55149&#8243; text_orientation=&#8221;center&#8221; min_height=&#8221;199px&#8221; custom_margin=&#8221;0px||30px|||&#8221; custom_padding=&#8221;50px||43px||false|false&#8221; link_option_url=&#8221;info@danzadescalza.com&#8221; box_shadow_style=&#8221;preset1&#8243; box_shadow_spread=&#8221;-2px&#8221; text_text_align=&#8221;center&#8221; global_colors_info=&#8221;{}&#8221;]<\/p>\n<p><strong>S\u00e9rie IMAGINAIRE<br \/><\/strong>(6 cursos en video)<\/p>\n<h3><strong>72$<\/strong><\/h3>\n<p>[\/et_pb_text][\/et_pb_column][\/et_pb_row][\/et_pb_section]<\/p>\n","protected":false},"excerpt":{"rendered":"<p>Fechas de los Talleres2023Talleres semanales para adultos TALLER DE PRIMAVERA 2023 25 de abril a 13 de junio 2023 7pm \u00e0 9pm En el Studio D | 5445 av de Gasp\u00e9 local 616 &nbsp; TALLERES DE OTO\u00d1O 2023 Del 14 de febrero al 11 de abril 2023 7pm \u00e0 9pm En el Studio D | [&hellip;]<\/p>\n","protected":false},"author":5,"featured_media":3764,"parent":0,"menu_order":0,"comment_status":"closed","ping_status":"closed","template":"","meta":{"_et_pb_use_builder":"on","_et_pb_old_content":"","_et_gb_content_width":"","inline_featured_image":false,"footnotes":""},"class_list":["post-6213","page","type-page","status-publish","has-post-thumbnail","hentry"],"_links":{"self":[{"href":"http:\/\/danzadescalza.com\/es\/wp-json\/wp\/v2\/pages\/6213","targetHints":{"allow":["GET"]}}],"collection":[{"href":"http:\/\/danzadescalza.com\/es\/wp-json\/wp\/v2\/pages"}],"about":[{"href":"http:\/\/danzadescalza.com\/es\/wp-json\/wp\/v2\/types\/page"}],"author":[{"embeddable":true,"href":"http:\/\/danzadescalza.com\/es\/wp-json\/wp\/v2\/users\/5"}],"replies":[{"embeddable":true,"href":"http:\/\/danzadescalza.com\/es\/wp-json\/wp\/v2\/comments?post=6213"}],"version-history":[{"count":8,"href":"http:\/\/danzadescalza.com\/es\/wp-json\/wp\/v2\/pages\/6213\/revisions"}],"predecessor-version":[{"id":6548,"href":"http:\/\/danzadescalza.com\/es\/wp-json\/wp\/v2\/pages\/6213\/revisions\/6548"}],"wp:featuredmedia":[{"embeddable":true,"href":"http:\/\/danzadescalza.com\/es\/wp-json\/wp\/v2\/media\/3764"}],"wp:attachment":[{"href":"http:\/\/danzadescalza.com\/es\/wp-json\/wp\/v2\/media?parent=6213"}],"curies":[{"name":"wp","href":"https:\/\/api.w.org\/{rel}","templated":true}]}}