{"id":5607,"date":"2020-05-01T14:25:12","date_gmt":"2020-05-01T18:25:12","guid":{"rendered":"http:\/\/danzadescalza.com\/talleres\/"},"modified":"2024-05-08T18:00:51","modified_gmt":"2024-05-08T22:00:51","slug":"talleres","status":"publish","type":"page","link":"https:\/\/danzadescalza.com\/es\/talleres\/","title":{"rendered":"Tallers"},"content":{"rendered":"<p>[et_pb_section fb_built=&#8221;1&#8243; inner_shadow=&#8221;on&#8221; fullwidth=&#8221;on&#8221; admin_label=&#8221;Video&#8221; _builder_version=&#8221;4.20.2&#8243; background_color=&#8221;#e55149&#8243; background_enable_video_mp4=&#8221;off&#8221; module_alignment=&#8221;center&#8221; min_height_tablet=&#8221;&#8221; min_height_phone=&#8221;&#8221; min_height_last_edited=&#8221;on|desktop&#8221; bottom_divider_color=&#8221;#e55149&#8243; bottom_divider_flip=&#8221;horizontal&#8221; collapsed=&#8221;on&#8221; global_colors_info=&#8221;{}&#8221;][et_pb_fullwidth_header background_overlay_color=&#8221;rgba(0,0,0,0)&#8221; _builder_version=&#8221;4.20.2&#8243; background_color=&#8221;rgba(0,0,0,0)&#8221; background_image=&#8221;http:\/\/danzadescalza.com\/wp-content\/uploads\/2019\/08\/danza-descalza-tradition.jpg&#8221; parallax=&#8221;on&#8221; parallax_method=&#8221;on&#8221; background_enable_video_mp4=&#8221;off&#8221; background_video_width=&#8221;1920px&#8221; background_video_height=&#8221;1080px&#8221; allow_player_pause=&#8221;on&#8221; button_one_text_size=&#8221;13&#8243; button_two_text_size=&#8221;13&#8243; min_height=&#8221;800px&#8221; min_height_tablet=&#8221;600px&#8221; min_height_phone=&#8221;450px&#8221; min_height_last_edited=&#8221;on|phone&#8221; filter_saturate=&#8221;70%&#8221; filter_brightness=&#8221;92%&#8221; filter_sepia=&#8221;9%&#8221; filter_opacity=&#8221;95%&#8221; child_filter_hue_rotate=&#8221;359deg&#8221; child_filter_saturate=&#8221;146%&#8221; child_filter_brightness=&#8221;116%&#8221; animation_direction=&#8221;top&#8221; border_radii_image=&#8221;on|141px|141px|141px|141px&#8221; global_colors_info=&#8221;{}&#8221;][\/et_pb_fullwidth_header][\/et_pb_section][et_pb_section fb_built=&#8221;1&#8243; fullwidth=&#8221;on&#8221; _builder_version=&#8221;4.16&#8243; locked=&#8221;off&#8221; global_colors_info=&#8221;{}&#8221;][et_pb_fullwidth_header title=&#8221;Talleres semanales de danza&#8221; content_max_width=&#8221;60%&#8221; content_max_width_tablet=&#8221;&#8221; content_max_width_phone=&#8221;90%&#8221; content_max_width_last_edited=&#8221;on|phone&#8221; _builder_version=&#8221;4.16&#8243; title_text_color=&#8221;#efe8e1&#8243; title_font_size=&#8221;30px&#8221; title_line_height=&#8221;1em&#8221; content_text_color=&#8221;#efe8e1&#8243; background_image=&#8221;http:\/\/danzadescalza.com\/wp-content\/uploads\/2019\/11\/square-left-red-5.png&#8221; background_blend=&#8221;multiply&#8221; button_one_text_size=&#8221;13&#8243; button_one_text_color=&#8221;#efe8e1&#8243; button_one_border_color=&#8221;#efe8e1&#8243; button_one_icon_color=&#8221;#efe3d5&#8243; button_two_text_size=&#8221;13&#8243; button_two_text_color=&#8221;#efe8e1&#8243; button_two_border_color=&#8221;#efe8e1&#8243; button_two_icon_color=&#8221;#efe3d5&#8243; custom_padding=&#8221;||60px|||&#8221; global_colors_info=&#8221;{}&#8221;]<\/p>\n<p class=\"p1\">Establecido desde hace varios a\u00f1os, el taller semanal de Danza Descalza se inscribe en el paisaje de Montreal y acoge a numerosos participantes cada semana, de todas las edades y de todos los horizontes. Dirigi\u00e9ndose tanto a bailarines como a no iniciados el objetivo de este taller es compartir la alegr\u00eda de bailar y expresarse libremente a trav\u00e9s del movimiento.<\/p>\n<p class=\"p1\"><span style=\"font-weight: 400;\"><\/span><\/p>\n<p class=\"p1\"><span style=\"font-weight: 400;\"><\/span><\/p>\n<p class=\"p1\">\n<p class=\"p1\">\n<p>[\/et_pb_fullwidth_header][\/et_pb_section][et_pb_section fb_built=&#8221;1&#8243; _builder_version=&#8221;4.16&#8243; background_color=&#8221;#efe8e1&#8243; use_background_color_gradient=&#8221;on&#8221; background_color_gradient_direction=&#8221;185deg&#8221; background_color_gradient_stops=&#8221;#efe8e1 50%|#f9f4ef 50%&#8221; background_color_gradient_start=&#8221;#efe8e1&#8243; background_color_gradient_start_position=&#8221;50%&#8221; background_color_gradient_end=&#8221;#f9f4ef&#8221; background_color_gradient_end_position=&#8221;50%&#8221; background_enable_image=&#8221;off&#8221; parallax=&#8221;on&#8221; parallax_method=&#8221;off&#8221; custom_padding=&#8221;60px||60px||true|&#8221; global_colors_info=&#8221;{}&#8221;][et_pb_row _builder_version=&#8221;4.16&#8243; custom_padding=&#8221;30px||30px||true|&#8221; global_colors_info=&#8221;{}&#8221;][et_pb_column type=&#8221;4_4&#8243; _builder_version=&#8221;4.16&#8243; global_colors_info=&#8221;{}&#8221;][et_pb_text _builder_version=&#8221;4.16&#8243; header_2_font=&#8221;|600||on|||||&#8221; header_2_text_color=&#8221;#e55149&#8243; header_2_font_size=&#8221;36px&#8221; header_2_letter_spacing=&#8221;0.03em&#8221; custom_margin=&#8221;||0px||false|false&#8221; global_colors_info=&#8221;{}&#8221;]<\/p>\n<h2 style=\"text-align: center;\">Sesion de PRIMAVERA 2024<\/h2>\n<p>&nbsp;<\/p>\n<p>[\/et_pb_text][\/et_pb_column][\/et_pb_row][et_pb_row _builder_version=&#8221;4.17.3&#8243; min_height=&#8221;268.6px&#8221; custom_padding=&#8221;1px||1px||true|&#8221; global_colors_info=&#8221;{}&#8221;][et_pb_column type=&#8221;4_4&#8243; _builder_version=&#8221;4.16&#8243; global_colors_info=&#8221;{}&#8221;][et_pb_text _builder_version=&#8221;4.24.1&#8243; text_font=&#8221;||||||||&#8221; link_text_color=&#8221;#e55149&#8243; hover_enabled=&#8221;0&#8243; global_colors_info=&#8221;{}&#8221; sticky_enabled=&#8221;0&#8243;]<\/p>\n<p style=\"text-align: center;\">7 de mayo al 18 de junio 2024<\/p>\n<p style=\"text-align: center;\"><span style=\"font-size: 16px; text-decoration: underline;\">7pm \u00e0 9pm<\/span><\/p>\n<p>[\/et_pb_text][et_pb_text _builder_version=&#8221;4.24.1&#8243; text_font=&#8221;||||||||&#8221; text_font_size=&#8221;14px&#8221; link_font_size=&#8221;19px&#8221; width=&#8221;80%&#8221; module_alignment=&#8221;center&#8221; link_option_url=&#8221;https:\/\/airtable.com\/shrwJTC9mQGYyxDR2&#8243; hover_enabled=&#8221;0&#8243; global_colors_info=&#8221;{}&#8221; sticky_enabled=&#8221;0&#8243;]<\/p>\n<p style=\"text-align: center;\"><span>Ven y calienta tu alma, coraz\u00f3n y cuerpo con los talleres semanales de Danza Descalza. <\/span> \u00a1Con m\u00fasica en vivo, para cultivar juntos nuestro fuego! Los talleres se llevar\u00e1n a cabo los martes por la tarde7<\/p>\n<p style=\"text-align: center;\"><strong> Lugar :<\/strong> Studio D (5445 av de Gasp\u00e9 local 616)<\/p>\n<p style=\"text-align: center;\"><strong>Sesion completa (8 talleres) : \u00a0<\/strong>190 $<br \/><strong><\/strong><\/p>\n<p style=\"text-align: center;\"><strong>Carta de 5 talleres : <\/strong>140 $<\/p>\n<p style=\"text-align: center;\"><strong>A la carta :<\/strong> 30 $\/taller<\/p>\n<p>&nbsp;<\/p>\n<p>[\/et_pb_text][\/et_pb_column][\/et_pb_row][et_pb_row column_structure=&#8221;1_2,1_2&#8243; _builder_version=&#8221;4.17.3&#8243; _module_preset=&#8221;default&#8221; global_colors_info=&#8221;{}&#8221;][et_pb_column type=&#8221;1_2&#8243; _builder_version=&#8221;4.17.3&#8243; _module_preset=&#8221;default&#8221; global_colors_info=&#8221;{}&#8221;][et_pb_button button_url=&#8221;https:\/\/airtable.com\/shrwJTC9mQGYyxDR2&#8243; url_new_window=&#8221;on&#8221; button_text=&#8221;Inscripciones&#8221; button_alignment=&#8221;right&#8221; _builder_version=&#8221;4.17.6&#8243; _module_preset=&#8221;default&#8221; button_text_size=&#8221;22px&#8221; button_text_color=&#8221;#EFE3D5&#8243; button_bg_color=&#8221;#E55149&#8243; button_border_color=&#8221;#EFE3D5&#8243; button_font=&#8221;|700|||||||&#8221; button_icon_color=&#8221;#efe3d5&#8243; global_colors_info=&#8221;{}&#8221;][\/et_pb_button][\/et_pb_column][et_pb_column type=&#8221;1_2&#8243; _builder_version=&#8221;4.17.3&#8243; _module_preset=&#8221;default&#8221; global_colors_info=&#8221;{}&#8221;][et_pb_button button_url=&#8221;https:\/\/www.facebook.com\/share\/L93hSgTcPwNDombC\/?mibextid=9l3rBW&#8221; url_new_window=&#8221;on&#8221; button_text=&#8221;Evento FB&#8221; _builder_version=&#8221;4.24.1&#8243; _module_preset=&#8221;default&#8221; button_text_size=&#8221;22px&#8221; button_text_color=&#8221;#EFE3D5&#8243; button_bg_color=&#8221;#E55149&#8243; button_border_color=&#8221;#EFE3D5&#8243; button_font=&#8221;|700|||||||&#8221; button_icon_color=&#8221;#efe3d5&#8243; hover_enabled=&#8221;0&#8243; locked=&#8221;off&#8221; global_colors_info=&#8221;{}&#8221; sticky_enabled=&#8221;0&#8243;][\/et_pb_button][\/et_pb_column][\/et_pb_row][et_pb_row _builder_version=&#8221;4.16&#8243; custom_padding=&#8221;30px||30px||true|&#8221; global_colors_info=&#8221;{}&#8221;][et_pb_column type=&#8221;4_4&#8243; _builder_version=&#8221;4.16&#8243; global_colors_info=&#8221;{}&#8221;][et_pb_text _builder_version=&#8221;4.16&#8243; text_font=&#8221;||||on||||&#8221; text_font_size=&#8221;14px&#8221; width=&#8221;70%&#8221; module_alignment=&#8221;center&#8221; custom_margin=&#8221;||6px||false|false&#8221; global_colors_info=&#8221;{}&#8221;]<\/p>\n<p style=\"text-align: center;\"><span style=\"font-weight: 400;\">info@danzadescalza.com<\/span><\/p>\n<p>[\/et_pb_text][et_pb_text _builder_version=&#8221;4.16&#8243; text_font=&#8221;||||||||&#8221; text_font_size=&#8221;13px&#8221; header_5_letter_spacing=&#8221;-0.01em&#8221; width=&#8221;70%&#8221; module_alignment=&#8221;center&#8221; global_colors_info=&#8221;{}&#8221;]<\/p>\n<p style=\"text-align: center;\"><a href=\"https:\/\/www.paypal.com\/paypalme\/DanzaDescalza\"><strong>Los pagos se realizan en <span style=\"text-decoration: underline;\">efectivo, PayPal<\/span> o transferencia electr\u00f3nica Interac al correo: (info@danzadescalza.com)<\/strong><\/a><\/p>\n<p>[\/et_pb_text][et_pb_text _builder_version=&#8221;4.16&#8243; text_font_size=&#8221;14px&#8221; width=&#8221;70%&#8221; module_alignment=&#8221;center&#8221; global_colors_info=&#8221;{}&#8221;]<\/p>\n<p style=\"text-align: center;\"><span style=\"font-weight: 400;\">Los cursos no se pueden reemplazar pero son transferibles: si usted no puede asistir se lo puede dar a otra persona Los reembolsos solamente se hacen con un documento expedido por un m\u00e9dico.<\/span><\/p>\n<p>[\/et_pb_text][\/et_pb_column][\/et_pb_row][\/et_pb_section][et_pb_section fb_built=&#8221;1&#8243; fullwidth=&#8221;on&#8221; _builder_version=&#8221;4.16&#8243; background_color=&#8221;#e55149&#8243; background_image=&#8221;http:\/\/danzadescalza.com\/wp-content\/uploads\/2019\/11\/square-left-red-5.png&#8221; background_blend=&#8221;multiply&#8221; global_colors_info=&#8221;{}&#8221;][et_pb_fullwidth_header title=&#8221;Talleres Personalizados&#8221; button_one_text=&#8221;Cotizaci\u00f3n&#8221; button_one_url=&#8221;https:\/\/danzadescalza.com\/es\/contacto\/&#8221; header_image_url=&#8221;http:\/\/danzadescalza.com\/wp-content\/uploads\/2023\/03\/Ateliers-danza-descalza.jpg&#8221; _builder_version=&#8221;4.20.2&#8243; title_text_color=&#8221;#efe3d5&#8243; title_font_size=&#8221;30px&#8221; title_line_height=&#8221;1em&#8221; content_text_color=&#8221;#efe3d5&#8243; background_color=&#8221;rgba(0,0,0,0)&#8221; button_one_text_size=&#8221;13&#8243; button_one_text_color=&#8221;#efe3d5&#8243; button_one_border_color=&#8221;#efe3d5&#8243; button_one_icon_color=&#8221;#efe3d5&#8243; button_two_text_size=&#8221;13&#8243; custom_padding=&#8221;60px||60px|||&#8221; link_option_url=&#8221;https:\/\/youtu.be\/SUIXFX-0XRM&#8221; global_colors_info=&#8221;{}&#8221;]<\/p>\n<p class=\"p1\">Los talleres Danza Descalza se pueden dise\u00f1ar a su medida, adaptando el contenido a sus necesidades: exploraci\u00f3n creativa en grupo, ejercicios de comunicaci\u00f3n a trav\u00e9s del movimiento, juegos de teatro f\u00edsico, aprendizaje r\u00edtmico, etc. Estos talleres se inspiran y se alimentan de las danzas afro-colombianas, utilizando al mismo tiempo t\u00e9cnicas de juego teatral y de danza contempor\u00e1nea.<\/p>\n<p>[\/et_pb_fullwidth_header][\/et_pb_section][et_pb_section fb_built=&#8221;1&#8243; fullwidth=&#8221;on&#8221; _builder_version=&#8221;4.16&#8243; background_color=&#8221;#efe8e1&#8243; use_background_color_gradient=&#8221;on&#8221; background_color_gradient_direction=&#8221;265deg&#8221; background_color_gradient_stops=&#8221;#f9f4ef 70%|#efe8e1 70%&#8221; background_color_gradient_start=&#8221;#f9f4ef&#8221; background_color_gradient_start_position=&#8221;70%&#8221; background_color_gradient_end=&#8221;#efe8e1&#8243; background_color_gradient_end_position=&#8221;70%&#8221; background_enable_image=&#8221;off&#8221; parallax=&#8221;on&#8221; parallax_method=&#8221;off&#8221; global_colors_info=&#8221;{}&#8221;][et_pb_fullwidth_header title=&#8221;Talleres para ni\u00f1os&#8221; text_orientation=&#8221;right&#8221; button_one_text=&#8221;Cotizaci\u00f3n&#8221; button_one_url=&#8221;https:\/\/danzadescalza.com\/es\/contacto\/&#8221; header_image_url=&#8221;http:\/\/danzadescalza.com\/wp-content\/uploads\/2023\/03\/Capture-decran-le-2023-03-15-a-16.24.55.png&#8221; _builder_version=&#8221;4.20.2&#8243; title_font_size=&#8221;30px&#8221; title_line_height=&#8221;1em&#8221; background_color=&#8221;rgba(0,0,0,0)&#8221; button_one_text_size=&#8221;13&#8243; button_two_text_size=&#8221;13&#8243; custom_padding=&#8221;60px||60px|||&#8221; link_option_url=&#8221;https:\/\/youtu.be\/SUIXFX-0XRM&#8221; global_colors_info=&#8221;{}&#8221;]<\/p>\n<p class=\"p1\">Los talleres son adaptables para todo tipo de p\u00fablicos y eventos: empresas, asociaciones, fiestas privadas, instituciones escolares y municipales&#8230; Si lo desea, es posible contar con la presencia de m\u00fasicos en vivo durante el taller. La danza es una excelente herramienta para que el ni\u00f1o desarrolle su conciencia, su motricidad y su coordinaci\u00f3n, mientras se divierte. A trav\u00e9s del juego y el aprendizaje de coreograf\u00edas breves, el ni\u00f1o explora el movimiento, el ritmo y la improvisaci\u00f3n. Los talleres estimulan la creatividad del ni\u00f1o y desarrollan su confianza. Cont\u00e1ctenos para planificar un taller o para obtener m\u00e1s informaci\u00f3n.<\/p>\n<p>[\/et_pb_fullwidth_header][\/et_pb_section][et_pb_section fb_built=&#8221;1&#8243; inner_shadow=&#8221;on&#8221; fullwidth=&#8221;on&#8221; admin_label=&#8221;Video&#8221; _builder_version=&#8221;4.20.2&#8243; background_color=&#8221;#e55149&#8243; background_enable_image=&#8221;off&#8221; background_enable_video_mp4=&#8221;off&#8221; module_alignment=&#8221;center&#8221; min_height_tablet=&#8221;&#8221; min_height_phone=&#8221;&#8221; min_height_last_edited=&#8221;on|desktop&#8221; bottom_divider_color=&#8221;#e55149&#8243; bottom_divider_flip=&#8221;horizontal&#8221; locked=&#8221;off&#8221; collapsed=&#8221;on&#8221; global_colors_info=&#8221;{}&#8221;][et_pb_fullwidth_header background_overlay_color=&#8221;rgba(0,0,0,0)&#8221; _builder_version=&#8221;4.16&#8243; background_color=&#8221;rgba(0,0,0,0)&#8221; background_image=&#8221;http:\/\/danzadescalza.com\/wp-content\/uploads\/2019\/08\/danza-descalza-ako.jpg&#8221; parallax=&#8221;on&#8221; parallax_method=&#8221;on&#8221; background_enable_video_mp4=&#8221;off&#8221; background_video_width=&#8221;1920px&#8221; background_video_height=&#8221;1080px&#8221; allow_player_pause=&#8221;on&#8221; button_one_text_size=&#8221;13&#8243; button_two_text_size=&#8221;13&#8243; min_height=&#8221;800px&#8221; min_height_tablet=&#8221;600px&#8221; min_height_phone=&#8221;450px&#8221; min_height_last_edited=&#8221;on|phone&#8221; filter_saturate=&#8221;70%&#8221; filter_brightness=&#8221;92%&#8221; filter_sepia=&#8221;6%&#8221; filter_opacity=&#8221;91%&#8221; global_colors_info=&#8221;{}&#8221;][\/et_pb_fullwidth_header][\/et_pb_section][et_pb_section fb_built=&#8221;1&#8243; admin_label=&#8221;Testimonials&#8221; _builder_version=&#8221;4.16&#8243; background_color=&#8221;#e55149&#8243; background_enable_image=&#8221;off&#8221; custom_padding=&#8221;43px||0px|||&#8221; top_divider_color=&#8221;#ec5943&#8243; top_divider_height=&#8221;87px&#8221; top_divider_repeat=&#8221;0.6x&#8221; bottom_divider_color=&#8221;#ec5943&#8243; bottom_divider_repeat=&#8221;0.2x&#8221; global_module=&#8221;4836&#8243; collapsed=&#8221;on&#8221; global_colors_info=&#8221;{}&#8221;][et_pb_row _builder_version=&#8221;4.16&#8243; custom_padding=&#8221;30px||30px|||&#8221; global_colors_info=&#8221;{}&#8221;][et_pb_column type=&#8221;4_4&#8243; _builder_version=&#8221;4.16&#8243; global_colors_info=&#8221;{}&#8221;][et_pb_text _builder_version=&#8221;4.16&#8243; text_font=&#8221;||||||||&#8221; text_text_color=&#8221;#f9f4ef&#8221; text_font_size=&#8221;15px&#8221; text_letter_spacing=&#8221;0.03em&#8221; text_line_height=&#8221;0.5em&#8221; header_2_font=&#8221;||||||||&#8221; header_2_text_color=&#8221;#edd7c9&#8243; min_height=&#8221;43px&#8221; custom_margin=&#8221;||15px|||&#8221; global_colors_info=&#8221;{}&#8221;]<\/p>\n<p>booking@danzadescalza.com<\/p>\n<p>info@danzadescalza.com<\/p>\n<p>[\/et_pb_text][et_pb_divider color=&#8221;#f9f4ef&#8221; _builder_version=&#8221;4.16&#8243; custom_margin=&#8221;||0px||false|false&#8221; global_colors_info=&#8221;{}&#8221;][\/et_pb_divider][et_pb_social_media_follow icon_color=&#8221;#f9f9f9&#8243; _builder_version=&#8221;4.17.4&#8243; text_orientation=&#8221;left&#8221; filter_opacity=&#8221;90%&#8221; locked=&#8221;off&#8221; global_colors_info=&#8221;{}&#8221;][et_pb_social_media_follow_network social_network=&#8221;facebook&#8221; url=&#8221;https:\/\/www.facebook.com\/DanzaDescalza325&#8243; icon_color=&#8221;#f9f4ef&#8221; use_icon_font_size=&#8221;on&#8221; icon_font_size=&#8221;13px&#8221; _builder_version=&#8221;4.17.4&#8243; background_color=&#8221;rgba(0,0,0,0)&#8221; background_enable_color=&#8221;on&#8221; border_radii=&#8221;on|20px|20px|20px|20px&#8221; border_width_all=&#8221;2px&#8221; border_color_all=&#8221;#f9f4ef&#8221; global_colors_info=&#8221;{}&#8221; follow_button=&#8221;off&#8221; url_new_window=&#8221;on&#8221;]facebook[\/et_pb_social_media_follow_network][et_pb_social_media_follow_network social_network=&#8221;instagram&#8221; url=&#8221;https:\/\/www.instagram.com\/danzadescalza\/&#8221; icon_color=&#8221;#f9f4ef&#8221; use_icon_font_size=&#8221;on&#8221; icon_font_size=&#8221;13px&#8221; _builder_version=&#8221;4.17.3&#8243; background_color=&#8221;rgba(0,0,0,0)&#8221; background_enable_color=&#8221;on&#8221; border_radii=&#8221;on|20px|20px|20px|20px&#8221; border_width_all=&#8221;2px&#8221; border_color_all=&#8221;#f9f4ef&#8221; global_colors_info=&#8221;{}&#8221; follow_button=&#8221;off&#8221; url_new_window=&#8221;on&#8221;]instagram[\/et_pb_social_media_follow_network][et_pb_social_media_follow_network social_network=&#8221;youtube&#8221; url=&#8221;https:\/\/www.youtube.com\/channel\/UCS2QbFrC4XGSm7RH1hZYxHg\/about&#8221; icon_color=&#8221;#f9f4ef&#8221; use_icon_font_size=&#8221;on&#8221; icon_font_size=&#8221;13px&#8221; _builder_version=&#8221;4.17.4&#8243; background_color=&#8221;#E55149&#8243; background_enable_color=&#8221;on&#8221; border_radii=&#8221;on|20px|20px|20px|20px&#8221; border_width_all=&#8221;2px&#8221; border_color_all=&#8221;#f9f4ef&#8221; global_colors_info=&#8221;{}&#8221; follow_button=&#8221;off&#8221; url_new_window=&#8221;on&#8221;]youtube[\/et_pb_social_media_follow_network][\/et_pb_social_media_follow][\/et_pb_column][\/et_pb_row][\/et_pb_section]<\/p>\n","protected":false},"excerpt":{"rendered":"<p>El taller de Danza Descalza es mucho m\u00e1s que una clase de baile, es una experiencia en s\u00ed misma, que le har\u00e1 viajar entre la danza contempor\u00e1nea y los bailes afro-descendientes de Am\u00e9rica Latina&#8230;<\/p>\n","protected":false},"author":1,"featured_media":214,"parent":0,"menu_order":0,"comment_status":"closed","ping_status":"closed","template":"","meta":{"_et_pb_use_builder":"on","_et_pb_old_content":"","_et_gb_content_width":"","inline_featured_image":false,"footnotes":""},"class_list":["post-5607","page","type-page","status-publish","has-post-thumbnail","hentry"],"_links":{"self":[{"href":"https:\/\/danzadescalza.com\/es\/wp-json\/wp\/v2\/pages\/5607","targetHints":{"allow":["GET"]}}],"collection":[{"href":"https:\/\/danzadescalza.com\/es\/wp-json\/wp\/v2\/pages"}],"about":[{"href":"https:\/\/danzadescalza.com\/es\/wp-json\/wp\/v2\/types\/page"}],"author":[{"embeddable":true,"href":"https:\/\/danzadescalza.com\/es\/wp-json\/wp\/v2\/users\/1"}],"replies":[{"embeddable":true,"href":"https:\/\/danzadescalza.com\/es\/wp-json\/wp\/v2\/comments?post=5607"}],"version-history":[{"count":75,"href":"https:\/\/danzadescalza.com\/es\/wp-json\/wp\/v2\/pages\/5607\/revisions"}],"predecessor-version":[{"id":6688,"href":"https:\/\/danzadescalza.com\/es\/wp-json\/wp\/v2\/pages\/5607\/revisions\/6688"}],"wp:featuredmedia":[{"embeddable":true,"href":"https:\/\/danzadescalza.com\/es\/wp-json\/wp\/v2\/media\/214"}],"wp:attachment":[{"href":"https:\/\/danzadescalza.com\/es\/wp-json\/wp\/v2\/media?parent=5607"}],"curies":[{"name":"wp","href":"https:\/\/api.w.org\/{rel}","templated":true}]}}